{"id":12620,"date":"2024-06-27T02:37:40","date_gmt":"2024-06-27T08:37:40","guid":{"rendered":"http:\/\/new.costaricanaturaltours.com\/?page_id=12620"},"modified":"2024-06-27T02:37:40","modified_gmt":"2024-06-27T08:37:40","slug":"espanol-test-grid","status":"publish","type":"page","link":"https:\/\/new.costaricanaturaltours.com\/es\/espanol-test-grid\/","title":{"rendered":"test grid"},"content":{"rendered":"<p>[vc_row][vc_column][vc_column_text][map center=\u00bb10.090008, -84.347406&#8243; markers=\u00bb10.090008, -84.347406&#8243; height=\u00bb255px\u00bb \/]<br \/>\n[box]<\/p>\n<p>[\/vc_column_text][\/vc_column][\/vc_row][vc_row][vc_column][vc_tta_tabs color=\u00bbturquoise\u00bb active_section=\u00bb1&#8243;][vc_tta_section title=\u00bbDESCRIPCI\u00d3N\u00bb tab_id=\u00bb1492708489348-1c9ab214-b6882910-a4bc\u00bb][vc_column_text]<\/p>\n<p style=\"text-align: justify;\">El tour Doka- Grecia-Sarch\u00ed es tranquilo y agradable.<\/p>\n<p style=\"text-align: justify;\">Comienza con un maravilloso trayecto por algunas de las mayores plantaciones de caf\u00e9 y ca\u00f1a de az\u00facar (Doka) de Costa Rica.<\/p>\n<p style=\"text-align: justify;\">Despu\u00e9s visitaremos el pueblo de Grecia y su famosa iglesia met\u00e1lica de interesante arquitectura, con cielos altos, vitrales y l\u00edneas cl\u00e1sicas.<\/p>\n<p style=\"text-align: justify;\">Luego iremos a las f\u00e1bricas de artesan\u00edas de Sarch\u00ed, reconocidas por el talento y tradici\u00f3n de sus artesanos y por las coloridas carretas de bueyes de distintos tama\u00f1os.<\/p>\n<p style=\"text-align: justify;\">Saliendo de San Jos\u00e9 a las 10:00 y regresando a las 4:30.<\/p>\n<p style=\"text-align: justify;\"><strong>Tarifas para ni\u00f1os:<\/strong><\/p>\n<p style=\"text-align: justify;\">(0 &#8211; 2 a\u00f1os): $ 20.00<\/p>\n<p style=\"text-align: justify;\">(3 &#8211; 10 a\u00f1os): Descuento del 25%<\/p>\n<p>[\/vc_column_text][\/vc_tta_section][vc_tta_section title=\u00bbINCLUYE\u00bb tab_id=\u00bb1492708489389-b6dfdf6e-f64d2910-a4bc\u00bb][vc_column_text]<\/p>\n<p>-Transporte<\/p>\n<p>-Gu\u00eda<\/p>\n<p>-Almuerzo<\/p>\n<p>[\/vc_column_text][\/vc_tta_section][vc_tta_section title=\u00bbRECOMENDACIONES\u00bb tab_id=\u00bb1492708595284-dac58e7d-c4492910-a4bc\u00bb][vc_column_text]<\/p>\n<p style=\"text-align: justify;\"><strong>\u00a0<\/strong><\/p>\n<p>-Sweater<\/p>\n<p>-C\u00e1mara fotogr\u00e1fica<\/p>\n<p>-Binoculares<\/p>\n<p>-Calzado c\u00f3modo<\/p>\n<p>-Impermeable<\/p>\n<p style=\"text-align: justify;\"><strong>\u00a0<\/strong><\/p>\n<p>[\/vc_column_text][\/vc_tta_section][\/vc_tta_tabs][\/vc_column][\/vc_row][vc_row][vc_column][vc_btn title=\u00bbReserve Aqu\u00ed\u00bb color=\u00bbwarning\u00bb align=\u00bbcenter\u00bb css_animation=\u00bbappear\u00bb link=\u00bburl:%20%20http%3A%2F%2Fnew.costaricanaturaltours.com%2Fes%2Freserve-su-tour%2F||\u00bb][\/vc_column][\/vc_row][vc_row][vc_column][vc_media_grid style=\u00bbpagination\u00bb grid_id=\u00bbvc_gid:1719477454721-bd33028d-4ac3-2&#8243; include=\u00bb3259,3234,3590&#8243;][\/vc_column][\/vc_row]<\/p>","protected":false},"excerpt":{"rendered":"<p>[vc_row][vc_column][vc_column_text][map center=\u00bb10.090008, -84.347406&#8243; markers=\u00bb10.090008, -84.347406&#8243; height=\u00bb255px\u00bb \/] [box] [\/vc_column_text][\/vc_column][\/vc_row][vc_row][vc_column][vc_tta_tabs color=\u00bbturquoise\u00bb active_section=\u00bb1&#8243;][vc_tta_section title=\u00bbDESCRIPCI\u00d3N\u00bb tab_id=\u00bb1492708489348-1c9ab214-b6882910-a4bc\u00bb][vc_column_text] El tour Doka- Grecia-Sarch\u00ed es tranquilo y agradable. Comienza con un maravilloso trayecto por algunas de las mayores plantaciones de caf\u00e9 y ca\u00f1a de az\u00facar (Doka) de Costa Rica. Despu\u00e9s visitaremos el pueblo de Grecia y su famosa iglesia met\u00e1lica de interesante&hellip;<\/p>\n","protected":false},"author":3,"featured_media":0,"parent":0,"menu_order":0,"comment_status":"closed","ping_status":"closed","template":"","meta":{"_acf_changed":false,"footnotes":""},"class_list":["post-12620","page","type-page","status-publish","hentry"],"acf":[],"_links":{"self":[{"href":"https:\/\/new.costaricanaturaltours.com\/es\/wp-json\/wp\/v2\/pages\/12620","targetHints":{"allow":["GET"]}}],"collection":[{"href":"https:\/\/new.costaricanaturaltours.com\/es\/wp-json\/wp\/v2\/pages"}],"about":[{"href":"https:\/\/new.costaricanaturaltours.com\/es\/wp-json\/wp\/v2\/types\/page"}],"author":[{"embeddable":true,"href":"https:\/\/new.costaricanaturaltours.com\/es\/wp-json\/wp\/v2\/users\/3"}],"replies":[{"embeddable":true,"href":"https:\/\/new.costaricanaturaltours.com\/es\/wp-json\/wp\/v2\/comments?post=12620"}],"version-history":[{"count":1,"href":"https:\/\/new.costaricanaturaltours.com\/es\/wp-json\/wp\/v2\/pages\/12620\/revisions"}],"predecessor-version":[{"id":12621,"href":"https:\/\/new.costaricanaturaltours.com\/es\/wp-json\/wp\/v2\/pages\/12620\/revisions\/12621"}],"wp:attachment":[{"href":"https:\/\/new.costaricanaturaltours.com\/es\/wp-json\/wp\/v2\/media?parent=12620"}],"curies":[{"name":"wp","href":"https:\/\/api.w.org\/{rel}","templated":true}]}}