{"id":12646,"date":"2024-07-01T00:04:17","date_gmt":"2024-07-01T06:04:17","guid":{"rendered":"http:\/\/new.costaricanaturaltours.com\/?page_id=12646"},"modified":"2024-07-01T00:05:52","modified_gmt":"2024-07-01T06:05:52","slug":"homepage10-2","status":"publish","type":"page","link":"https:\/\/new.costaricanaturaltours.com\/es\/homepage10-2\/","title":{"rendered":"Inicio"},"content":{"rendered":"<p>[vc_row][\/vc_row][vc_row][vc_column][container][vc_empty_space][tours type=\u00bbpopular\u00bb count=\u00bb44&#8243; tour_type=\u00bb65,66&#8243; slide=\u00bbyes\u00bb title=\u00bbTours Populares\u00bb][vc_row_inner][vc_column_inner width=\u00bb1\/2&#8243;][vc_custom_heading text=\u00bbDonde tus sue\u00f1os se hacen realidad\u00bb use_theme_fonts=\u00bbyes\u00bb css=\u00bb\u00bb][blockquote]<span class=\"HwtZe\" lang=\"es\"><span class=\"jCAhz JxVs2d ChMk0b\"><span class=\"ryNqvb\">\u00a1Bienvenido a un lugar de ensue\u00f1o!<\/span><\/span> <span class=\"jCAhz JxVs2d ChMk0b\"><span class=\"ryNqvb\">Costa Rica es un pa\u00eds peque\u00f1o con una gran variedad de atractivos naturales, ideales para disfrutar de tus vacaciones.<\/span><\/span> <span class=\"jCAhz JxVs2d ChMk0b\"><span class=\"ryNqvb\">Te invitamos a descubrir Costa Rica con nosotros, d\u00e9janos mostrarte toda la belleza natural de este pac\u00edfico pa\u00eds.<\/span><\/span> <span class=\"jCAhz JxVs2d ChMk0b\"><span class=\"ryNqvb\">Nuestro servicio es personalizado y enfocado en todas tus necesidades para que tu visita sea maravillosa.<\/span><\/span><\/span><\/p>\n<p><span class=\"HwtZe\" lang=\"es\"><span class=\"jCAhz JxVs2d ChMk0b\"><span class=\"ryNqvb\">Costa Rica Natural Tours ofrece un listado de hoteles para cada destino, servicios de transporte terrestre, renta de autos, vuelos nacionales, paquetes vacacionales y m\u00e1s.<\/span><\/span><\/span><\/p>\n<p>&nbsp;<\/p>\n<p><strong>\u00a0<\/strong>[\/blockquote][vc_empty_space][vc_single_image image=\u00bb6507&#8243; img_size=\u00bbmedium\u00bb alignment=\u00bbcenter\u00bb onclick=\u00bbcustom_link\u00bb css=\u00bb\u00bb link=\u00bbhttp:\/\/new.costaricanaturaltours.com\/contact-us\/\u00bb][\/vc_column_inner][vc_column_inner width=\u00bb1\/2&#8243;][testimonials title=\u00bbTestimonios\u00bb][testimonial author_img_id=\u00bb2801&#8243;]<\/p>\n<p style=\"text-align: justify;\"><span style=\"color: #26c1f4;\">\u00abInolvidables vacaciones por este para\u00edso natural, rico en vegetaci\u00f3n y hermosos paisajes para deleitar la vista con sus imponentes cordilleras y volcanes el Po\u00e1s y el Arenal, sus impresionantes Cataratas de La Paz y Fortuna&#8230;\u00bb<\/span><\/p>\n<p style=\"text-align: right;\"><em><strong>Familia: Vargas Bola\u00f1os<\/strong><\/em><\/p>\n<p style=\"text-align: right;\"><em><strong>Pa\u00eds: M\u00e9xico<\/strong><\/em><\/p>\n<p>[\/testimonial][testimonial author_img_id=\u00bb3614&#8243;]<\/p>\n<p style=\"text-align: justify;\"><span style=\"color: #26c1f4;\">Primero que todo nos dio mucho gusto conocerla personalmente, el trato por parte suya fue excelente. Todo el viaje muy bien planificado. La puntualidad para cada servicio de acuerdo a los itinerarios marcados, todos siempre fueron muy puntuales. La selecci\u00f3n de hoteles, nos pareci\u00f3 muy adecuada de acuerdo a las actividades que quer\u00edamos hacer. La gente de Costa Rica, TODA EN GENERAL, es muy amable y nos agrad\u00f3 el trato que nos dieron todos los ticos con quienes tratamos. No tenemos ning\u00fan inconveniente en recomendar a\u00a0Costa Rica Natural Tours\u00a0 como una Agencia de Viajes seria y profesional.<\/span><\/p>\n<p style=\"text-align: justify;\"><span style=\"color: #26c1f4;\">Saludos y como dicen los ticos\u00a0\u00a0<em><strong>\u00a1PURA VIDA\u00a1<\/strong><\/em><\/span><\/p>\n<p style=\"text-align: right;\"><em><strong>Familia:\u00a0Lop\u00e9z<\/strong><\/em><\/p>\n<p style=\"text-align: right;\"><em><strong>Pa\u00eds: M\u00e9xico<\/strong><\/em><\/p>\n<p>[\/testimonial][testimonial author_img_id=\u00bb4049&#8243;]<\/p>\n<p style=\"text-align: justify;\"><span style=\"color: #26c1f4;\">\u00abRecientemente visitamos\u00a0 Costa Rica y vivimos una de las mejores experiencias de nuestras vidas. Queremos recomendar totalmente a Mariela Ruiz y todo su equipo de la agencia, por sus atenciones y apoyo en todo momento, antes, durante y despu\u00e9s de nuestra visita a Costa Rica. Atenci\u00f3n, puntualidad, hoteles agradables y comida deliciosa. M\u00e1s no se puede pedir. La pasamos muy pero muy bien.\u00bb\u00a0<em><strong>Much\u00edsimas gracias por todo&#8230;<\/strong><\/em><\/span><\/p>\n<p style=\"text-align: right;\"><em><strong>\u00a0Luis Guzman y Maril\u00fa.\u00a0<\/strong><\/em><\/p>\n<p style=\"text-align: right;\"><em><strong>Pa\u00eds:\u00a0M\u00e9xico<\/strong><\/em><\/p>\n<p>[\/testimonial][testimonial author_img_id=\u00bb2803&#8243;]<\/p>\n<p style=\"text-align: justify;\"><span style=\"color: #26c1f4;\">\u00abDisfrutar de una estancia en Costa Rica, no te deja indiferente. Quedas impregnado de amor \u00a0y respeto a la naturaleza. Tus valores adquieren otra dimensi\u00f3n y son modificados y moldeados por valores m\u00e1s nobles y humanos\u00bb.<\/span><\/p>\n<p>&nbsp;<\/p>\n<p style=\"text-align: right;\"><strong><em>Magda &amp; Jaume Garriga<\/em><\/strong><\/p>\n<p style=\"text-align: right;\"><strong>Pa\u00eds: Espa\u00f1a<\/strong><\/p>\n<p>[\/testimonial][testimonial author_img_id=\u00bb3613&#8243;]<\/p>\n<p style=\"text-align: justify;\"><span style=\"color: #26c1f4;\">\u00abTuvimos d\u00edas muy completos. El tour por el Bosque Nuboso\u00a0 nos ha gustado mucho, sobre todo el Primario Virgen como lo hemos comprobado con el magn\u00edfico recorrido por los Puentes Colgantes. Tuvimos la suerte de ver al Quetzal tanto macho como hembra\u00bb. \u00a0 \u00a0\u00abDisfrutamos de una excelente estancia en Costa Rica&#8230;\u00bb<\/span><\/p>\n<p style=\"text-align: right;\"><em><strong>Hermanos: Arruabarrena<\/strong><\/em><\/p>\n<p style=\"text-align: right;\"><em><strong>Pa\u00eds: Espa\u00f1a<\/strong><\/em><\/p>\n<p>[\/testimonial][testimonial author_img_id=\u00bb7541&#8243;]<\/p>\n<p style=\"text-align: justify;\"><span style=\"font-size: 10pt; color: #00ccff;\">\u00abDeseamos ofrecer nuestro agradecimiento por todo, la pasamos genial y nos sentimos muy bien en todo momento. Tortuguero un lugar incre\u00edble. Arenal nos gust\u00f3 mucho el pueblo, la vista con el volc\u00e1n por supuesto, las aguas termales y la variedad de cosas que se pueden ver y hacer por all\u00e1. Sobre los tours nos divertimos much\u00edsimo, los lugares fueron incre\u00edbles y los disfrutamos mucho. Gracias porque la atenci\u00f3n en todo momento ha sido de primera calidad. Estamos muy contentos y esperamos regresar pronto. \u00a0Un abrazo y Pura vida!!!\u00bb<\/span><\/p>\n<p style=\"text-align: right;\"><span style=\"font-size: 10pt;\"><em><strong>Araceli Garc\u00eda &amp; Francisco Martinez<\/strong><\/em><\/span><\/p>\n<p style=\"text-align: right;\"><span style=\"font-size: 10pt;\"><em><strong>Pa\u00eds: M\u00e9xico<\/strong><\/em><\/span><\/p>\n<p>[\/testimonial][\/testimonials][vc_empty_space][vc_single_image image=\u00bb9047&#8243; img_size=\u00bbfull\u00bb alignment=\u00bbcenter\u00bb onclick=\u00bbcustom_link\u00bb css=\u00bb\u00bb link=\u00bbhttp:\/\/new.costaricanaturaltours.com\/customized-itinerary\/\u00bb][\/vc_column_inner][\/vc_row_inner][vc_empty_space][accommodations type=\u00bbpopular\u00bb show_badge=\u00bbyes\u00bb slide=\u00bbyes\u00bb title=\u00bbHoteles Populares\u00bb][vc_btn title=\u00bbReserve Aqu\u00ed&#8230;\u00bb color=\u00bbinfo\u00bb align=\u00bbcenter\u00bb css_animation=\u00bbnone\u00bb css=\u00bb\u00bb link=\u00bburl:http%3A%2F%2Fnew.costaricanaturaltours.com%2Fbook-your-hotel%2F||\u00bb][\/container][\/vc_column][\/vc_row][vc_column][\/vc_column]<\/p>","protected":false},"excerpt":{"rendered":"<p>[vc_row][\/vc_row][vc_row][vc_column][container][vc_empty_space][tours type=\u00bbpopular\u00bb count=\u00bb44&#8243; tour_type=\u00bb65,66&#8243; slide=\u00bbyes\u00bb title=\u00bbTours Populares\u00bb][vc_row_inner][vc_column_inner width=\u00bb1\/2&#8243;][vc_custom_heading text=\u00bbDonde tus sue\u00f1os se hacen realidad\u00bb use_theme_fonts=\u00bbyes\u00bb css=\u00bb\u00bb][blockquote]\u00a1Bienvenido a un lugar de ensue\u00f1o! Costa Rica es un pa\u00eds peque\u00f1o con una gran variedad de atractivos naturales, ideales para disfrutar de tus vacaciones. Te invitamos a descubrir Costa Rica con nosotros, d\u00e9janos mostrarte toda la belleza natural de&hellip;<\/p>\n","protected":false},"author":3,"featured_media":0,"parent":0,"menu_order":0,"comment_status":"closed","ping_status":"closed","template":"templates\/template-bg-slider.php","meta":{"_acf_changed":false,"footnotes":""},"class_list":["post-12646","page","type-page","status-publish","hentry"],"acf":[],"_links":{"self":[{"href":"https:\/\/new.costaricanaturaltours.com\/es\/wp-json\/wp\/v2\/pages\/12646","targetHints":{"allow":["GET"]}}],"collection":[{"href":"https:\/\/new.costaricanaturaltours.com\/es\/wp-json\/wp\/v2\/pages"}],"about":[{"href":"https:\/\/new.costaricanaturaltours.com\/es\/wp-json\/wp\/v2\/types\/page"}],"author":[{"embeddable":true,"href":"https:\/\/new.costaricanaturaltours.com\/es\/wp-json\/wp\/v2\/users\/3"}],"replies":[{"embeddable":true,"href":"https:\/\/new.costaricanaturaltours.com\/es\/wp-json\/wp\/v2\/comments?post=12646"}],"version-history":[{"count":25,"href":"https:\/\/new.costaricanaturaltours.com\/es\/wp-json\/wp\/v2\/pages\/12646\/revisions"}],"predecessor-version":[{"id":12678,"href":"https:\/\/new.costaricanaturaltours.com\/es\/wp-json\/wp\/v2\/pages\/12646\/revisions\/12678"}],"wp:attachment":[{"href":"https:\/\/new.costaricanaturaltours.com\/es\/wp-json\/wp\/v2\/media?parent=12646"}],"curies":[{"name":"wp","href":"https:\/\/api.w.org\/{rel}","templated":true}]}}