{"id":1755,"date":"2015-11-11T01:18:36","date_gmt":"2015-11-11T01:18:36","guid":{"rendered":"http:\/\/new.costaricanaturaltours.com\/?page_id=1755"},"modified":"2017-04-07T11:59:15","modified_gmt":"2017-04-07T11:59:15","slug":"central-valley","status":"publish","type":"page","link":"https:\/\/new.costaricanaturaltours.com\/es\/central-valley\/","title":{"rendered":"Valle Central"},"content":{"rendered":"<p>[vc_row][vc_column][vc_single_image image=\u00bb3676&#8243; img_size=\u00bb900&#215;500&#8243; alignment=\u00bbcenter\u00bb onclick=\u00bblink_image\u00bb][vc_empty_space height=\u00bb92px\u00bb][vc_column_text]<\/p>\n<p style=\"text-align: justify;\">San Jos\u00e9 situado en el coraz\u00f3n de Costa Rica\u00a0es la capital del pa\u00eds y la mayor ciudad comercial e industrial del pa\u00eds, tiene una extensi\u00f3n de 170 kil\u00f3metros cuadrados y una poblaci\u00f3n de aproximadamente 2 millones de\u00a0habitantes.<\/p>\n<p style=\"text-align: justify;\">San Jos\u00e9 se encuentra a una altitud de 1,170 metros sobre el nivel del mar y est\u00e1 ubicado en el valle central, el cual est\u00e1 rodeado de lindas monta\u00f1as y majestuoso volcanes. La temperatura oscila entre los 18 y 24 grados cent\u00edgrados. Siendo siempre las noches un poco m\u00e1s frescas. San Jos\u00e9 acumula una precipitaci\u00f3n anual de aproximadamente unos 2200 mm y los meses m\u00e1s lluviosos son Mayo, Setiembre, Octubre y Noviembre. El resto del a\u00f1o es bastante soleado y algunos d\u00edas se tienen escasas\u00a0lluvias de\u00a0cortas duraci\u00f3n.<\/p>\n<p style=\"text-align: justify;\">San Jos\u00e9 es una ciudad donde se re\u00fanen visitantes de todo el mundo donde pueden escoger variedad de tours de un d\u00eda a los diferentes Parques Nacionales que se encuentran cerca del Valle Central.<\/p>\n<p style=\"text-align: justify;\">El aeropuerto internacional de Costa Rica m\u00e1s importante, Juan Santa Mar\u00eda, se encuentra a 30 minutos de San Jos\u00e9, ubicado en la provincia de Alajuela.<\/p>\n<p style=\"text-align: justify;\">La Capital\u00a0ofrece atractivos tur\u00edsticos culturales y naturales como: Museos, Teatros, Iglesias, Volcanes y Parques Nacionales.<\/p>\n<p style=\"text-align: justify;\">Algunas de las mejores atracciones de San Jos\u00e9 incluyen el Parque Central, el Parque Moraz\u00e1n, el Parque Espa\u00f1a, el Parque Nacional, la Plaza de la Democracia y el Museo de Jade que entre alguna de sus exhibiciones incluyen piezas de oro, piedra y cer\u00e1mica precolombina.<\/p>\n<p style=\"text-align: justify;\">Entre los atractivos tur\u00edsticos m\u00e1s importantes se encuentran:\u00a0Volc\u00e1n Poas, Volc\u00e1n Iraz\u00fa, Volc\u00e1n Turrialba, Parque Nacional Braulio Carrillo, Rio Pacuare, Rio Reventaz\u00f3n, Rio Savegre, Cordillera de Talamanca y entre otros. Uno de los pueblos m\u00e1s pintorescos es Sarch\u00ed, conocido popularmente como \u201cla cuna de las artesan\u00edas en madera\u201d, el cual atrae visitantes para llevarse de vuelta a casa un recuerdo o artesan\u00eda.<\/p>\n<p>[\/vc_column_text][vc_empty_space][\/vc_column][\/vc_row][vc_row][vc_column][vc_column_text][block]<br \/>\n[map center=\u00bb9.9299368, -84.0953061&#8243; markers=\u00bb9.9299368, -84.0953061&#8243; height=\u00bb255px\u00bb \/]<br \/>\n[\/block][\/vc_column_text][\/vc_column][\/vc_row]<\/p>","protected":false},"excerpt":{"rendered":"<p>[vc_row][vc_column][vc_single_image image=\u00bb3676&#8243; img_size=\u00bb900&#215;500&#8243; alignment=\u00bbcenter\u00bb onclick=\u00bblink_image\u00bb][vc_empty_space height=\u00bb92px\u00bb][vc_column_text] San Jos\u00e9 situado en el coraz\u00f3n de Costa Rica\u00a0es la capital del pa\u00eds y la mayor ciudad comercial e industrial del pa\u00eds, tiene una extensi\u00f3n de 170 kil\u00f3metros cuadrados y una poblaci\u00f3n de aproximadamente 2 millones de\u00a0habitantes. San Jos\u00e9 se encuentra a una altitud de 1,170 metros sobre el&hellip;<\/p>\n","protected":false},"author":3,"featured_media":0,"parent":0,"menu_order":0,"comment_status":"closed","ping_status":"closed","template":"","meta":{"_acf_changed":false,"footnotes":""},"class_list":["post-1755","page","type-page","status-publish","hentry"],"acf":[],"_links":{"self":[{"href":"https:\/\/new.costaricanaturaltours.com\/es\/wp-json\/wp\/v2\/pages\/1755","targetHints":{"allow":["GET"]}}],"collection":[{"href":"https:\/\/new.costaricanaturaltours.com\/es\/wp-json\/wp\/v2\/pages"}],"about":[{"href":"https:\/\/new.costaricanaturaltours.com\/es\/wp-json\/wp\/v2\/types\/page"}],"author":[{"embeddable":true,"href":"https:\/\/new.costaricanaturaltours.com\/es\/wp-json\/wp\/v2\/users\/3"}],"replies":[{"embeddable":true,"href":"https:\/\/new.costaricanaturaltours.com\/es\/wp-json\/wp\/v2\/comments?post=1755"}],"version-history":[{"count":11,"href":"https:\/\/new.costaricanaturaltours.com\/es\/wp-json\/wp\/v2\/pages\/1755\/revisions"}],"predecessor-version":[{"id":4250,"href":"https:\/\/new.costaricanaturaltours.com\/es\/wp-json\/wp\/v2\/pages\/1755\/revisions\/4250"}],"wp:attachment":[{"href":"https:\/\/new.costaricanaturaltours.com\/es\/wp-json\/wp\/v2\/media?parent=1755"}],"curies":[{"name":"wp","href":"https:\/\/api.w.org\/{rel}","templated":true}]}}