{"id":1758,"date":"2015-11-11T01:19:18","date_gmt":"2015-11-11T01:19:18","guid":{"rendered":"http:\/\/new.costaricanaturaltours.com\/?page_id=1758"},"modified":"2017-04-07T11:54:16","modified_gmt":"2017-04-07T11:54:16","slug":"central-pacific","status":"publish","type":"page","link":"https:\/\/new.costaricanaturaltours.com\/es\/central-pacific\/","title":{"rendered":"Pac\u00edfico Central"},"content":{"rendered":"<p>[vc_row][vc_column][vc_single_image image=\u00bb2897&#8243; img_size=\u00bb900&#215;500&#8243; alignment=\u00bbcenter\u00bb onclick=\u00bblink_image\u00bb][vc_empty_space height=\u00bb92px\u00bb][vc_column_text]<\/p>\n<p style=\"text-align: justify;\"><strong>Parque Nacional Manuel Antonio<\/strong><\/p>\n<p style=\"text-align: justify;\">El Parque Nacional Manuel Antonio es uno de los destinos m\u00e1s visitados de Costa Rica, adem\u00e1s de ser uno de los Parques Nacionales de mayor belleza esc\u00e9nica del pa\u00eds. Esta \u00e1rea silvestre se localiza en la costa pac\u00edfica de\u00a0la provincia de Puntarenas. Se ubica a unos 157 km al sur de San Jos\u00e9 por carretera y 7 km al sur de la ciudad de Quepos. Tiene una extensi\u00f3n de 1.625 hect\u00e1reas en la parte terrestre y 55 mil\u00a0hect\u00e1reas en la parte marina.<\/p>\n<p style=\"text-align: justify;\">El Parque protege 12 islas que representan excelentes refugios para varias especies de aves marinas. Posee hermosas playas de arena blanca: Espadilla Sur, Manuel Antonio y Puerto Escondido. Cuenta con un importante atractivo que es el bosque tropical muy h\u00famedo donde habitan especies de flora y fauna en peligro de extinci\u00f3n: el mapache, el pizote, la guatuza, el perezoso de dos dedos, el mono carablanca, el mono tit\u00ed, protege parches de bosque primario, secundario, manglar, vegetaci\u00f3n de playa, ambientes marinos, islas y una laguna de 14 hect\u00e1reas.<\/p>\n<p style=\"text-align: justify;\">El clima se caracteriza por sus altas temperaturas. La temperatura promedio anual es de 27\u00b0C, con una m\u00ednima de 20\u00b0C. El promedio de precipitaci\u00f3n anual es de 3.875 mm. Los meses secos son enero, febrero y marzo; los m\u00e1s lluviosos son agosto, setiembre y octubre.<\/p>\n<p style=\"text-align: justify;\">Actividades de inter\u00e9s tur\u00edstico incluyen la pesca deportiva, buceo, snorkeling, observaci\u00f3n de ballenas y delfines, observaci\u00f3n de aves, ciclismo, caminatas guiadas por el Parque Nacional y \u00e1reas protegidas, R\u00e1pidos en los R\u00edos Naranjo y Savegre con niveles II, III y IV, excursiones de medio d\u00eda o d\u00eda completo, paseos a caballo en bosques privados y cataratas.<\/p>\n<p>[\/vc_column_text][vc_empty_space][\/vc_column][\/vc_row][vc_row][vc_column][vc_column_text][map center=\u00bb9.392213, -84.136924&#8243; markers=\u00bb9.392213, -84.136924&#8243; height=\u00bb255px\u00bb \/]<br \/>\n[box][\/vc_column_text][\/vc_column][\/vc_row]<\/p>","protected":false},"excerpt":{"rendered":"<p>[vc_row][vc_column][vc_single_image image=\u00bb2897&#8243; img_size=\u00bb900&#215;500&#8243; alignment=\u00bbcenter\u00bb onclick=\u00bblink_image\u00bb][vc_empty_space height=\u00bb92px\u00bb][vc_column_text] Parque Nacional Manuel Antonio El Parque Nacional Manuel Antonio es uno de los destinos m\u00e1s visitados de Costa Rica, adem\u00e1s de ser uno de los Parques Nacionales de mayor belleza esc\u00e9nica del pa\u00eds. Esta \u00e1rea silvestre se localiza en la costa pac\u00edfica de\u00a0la provincia de Puntarenas. Se ubica a&hellip;<\/p>\n","protected":false},"author":3,"featured_media":0,"parent":0,"menu_order":0,"comment_status":"closed","ping_status":"closed","template":"","meta":{"_acf_changed":false,"footnotes":""},"class_list":["post-1758","page","type-page","status-publish","hentry"],"acf":[],"_links":{"self":[{"href":"https:\/\/new.costaricanaturaltours.com\/es\/wp-json\/wp\/v2\/pages\/1758","targetHints":{"allow":["GET"]}}],"collection":[{"href":"https:\/\/new.costaricanaturaltours.com\/es\/wp-json\/wp\/v2\/pages"}],"about":[{"href":"https:\/\/new.costaricanaturaltours.com\/es\/wp-json\/wp\/v2\/types\/page"}],"author":[{"embeddable":true,"href":"https:\/\/new.costaricanaturaltours.com\/es\/wp-json\/wp\/v2\/users\/3"}],"replies":[{"embeddable":true,"href":"https:\/\/new.costaricanaturaltours.com\/es\/wp-json\/wp\/v2\/comments?post=1758"}],"version-history":[{"count":13,"href":"https:\/\/new.costaricanaturaltours.com\/es\/wp-json\/wp\/v2\/pages\/1758\/revisions"}],"predecessor-version":[{"id":4247,"href":"https:\/\/new.costaricanaturaltours.com\/es\/wp-json\/wp\/v2\/pages\/1758\/revisions\/4247"}],"wp:attachment":[{"href":"https:\/\/new.costaricanaturaltours.com\/es\/wp-json\/wp\/v2\/media?parent=1758"}],"curies":[{"name":"wp","href":"https:\/\/api.w.org\/{rel}","templated":true}]}}