{"id":1770,"date":"2015-11-11T20:52:15","date_gmt":"2015-11-11T20:52:15","guid":{"rendered":"http:\/\/new.costaricanaturaltours.com\/?page_id=1770"},"modified":"2017-04-07T12:21:53","modified_gmt":"2017-04-07T12:21:53","slug":"guanacaste","status":"publish","type":"page","link":"https:\/\/new.costaricanaturaltours.com\/es\/guanacaste\/","title":{"rendered":"Guanacaste"},"content":{"rendered":"<p>[vc_row][vc_column][vc_single_image image=\u00bb3666&#8243; img_size=\u00bb900&#215;500&#8243; alignment=\u00bbcenter\u00bb onclick=\u00bblink_image\u00bb][vc_empty_space height=\u00bb92px\u00bb][vc_column_text]<\/p>\n<p style=\"text-align: justify;\"><strong>Guanacaste<\/strong><\/p>\n<p style=\"text-align: justify;\"><strong>\u00a0<\/strong><\/p>\n<p style=\"text-align: justify;\">Para\u00edso tropical situado al norte del pa\u00eds, una de las provincias m\u00e1s grande y popular de Costa Rica. Esta se dividida en Guanacaste Norte y Guanacaste Sur.<\/p>\n<p style=\"text-align: justify;\">La Zona de Guanacaste Norte se encuentra playas como Tamarindo, Punta Islita y Flamingo, alberga una importante porci\u00f3n del patrimonio natural y cultural costarricense. Esta regi\u00f3n comprende la costa pac\u00edfica de Costa Rica, desde el l\u00edmite con Nicaragua hasta Punta Cerritos, localizado 22 km. al oeste de la ciudad de Santa Cruz. Cubre una extensi\u00f3n de aproximadamente 100 km de la Costa Pac\u00edfica. Tiene adem\u00e1s un importante soporte en el Polo de Desarrollo Tur\u00edstico del Golfo de Papagayo, as\u00ed como, por el Aeropuerto Internacional Daniel Oduber al cual llega una gran cantidad de vuelos internacionales y la mayor\u00eda procedentes de los Estados Unidos.<\/p>\n<p style=\"text-align: justify;\">La Zona de Guanacaste Sur comprende el litoral suroeste de la Pen\u00ednsula de Nicoya. Limita al norte con Punta Cerritos y al sur con la desembocadura del R\u00edo Bongo, con una longitud aproximada de unos 110 kil\u00f3metros de frente a la costa. El centro tur\u00edstico principal es la ciudad de Nicoya, ubicada a unos 30 kil\u00f3metros de la costa. El centro tur\u00edstico secundario del corredor es el poblado de S\u00e1mara. El recurso principal son las playas y el fen\u00f3meno natural m\u00e1s importante es la arribada de tortugas Lora en el Refugio Nacional de Vida Silvestre Ostional, este lugar se puede visitar durante todo el a\u00f1o siendo los meses de agosto a octubre el pico de la temporada de anidaci\u00f3n, \u00e9poca en donde ocurren las arribadas m\u00e1s grandes.<\/p>\n<p style=\"text-align: justify;\">El Clima: Cualquier \u00e9poca del a\u00f1o es propicia para visitar la regi\u00f3n del Pac\u00edfico Norte, el clima es generalmente c\u00e1lido y seco, es la regi\u00f3n m\u00e1s seca del pa\u00eds, con un promedio de 28 grados Celsius de temperatura en los meses de mayo a febrero, de febrero a abril la temperatura puede incrementarse casi diez grados siendo \u00e9sta la \u00e9poca m\u00e1s seca y c\u00e1lida del a\u00f1o. Las estaciones est\u00e1n definidas en secas de diciembre a marzo y lluviosa de abril a noviembre, siendo los meses de abril y noviembre meses de transici\u00f3n.<\/p>\n<p style=\"text-align: justify;\">Las mayores precipitaciones ocurren durante los meses de junio, septiembre y octubre.<\/p>\n<p style=\"text-align: justify;\">Entre los principales atractivos tur\u00edsticos de la zona se encuentran: El Parque Nacional Santa Rosa, Parque Nacional Rinc\u00f3n de La vieja, Parque Nacional Palo Verde, Refugio Nacional de Vida Silvestre Ostional, Parque Nacional Marino Las Baulas, Refugio Nacional de Vida Silvestre Tamarindo, Puente de La Amistad entre otros.<\/p>\n<p>&nbsp;<\/p>\n<p>[\/vc_column_text][vc_empty_space][\/vc_column][\/vc_row][vc_row][vc_column][vc_column_text][map center=\u00bb10.4698497, -85.9138776,9&#8243; markers=\u00bb10.4698497, -85.9138776,9&#8243; height=\u00bb255px\u00bb \/]<br \/>\n[box][\/vc_column_text][\/vc_column][\/vc_row]<\/p>","protected":false},"excerpt":{"rendered":"<p>[vc_row][vc_column][vc_single_image image=\u00bb3666&#8243; img_size=\u00bb900&#215;500&#8243; alignment=\u00bbcenter\u00bb onclick=\u00bblink_image\u00bb][vc_empty_space height=\u00bb92px\u00bb][vc_column_text] Guanacaste \u00a0 Para\u00edso tropical situado al norte del pa\u00eds, una de las provincias m\u00e1s grande y popular de Costa Rica. Esta se dividida en Guanacaste Norte y Guanacaste Sur. La Zona de Guanacaste Norte se encuentra playas como Tamarindo, Punta Islita y Flamingo, alberga una importante porci\u00f3n del patrimonio&hellip;<\/p>\n","protected":false},"author":3,"featured_media":0,"parent":0,"menu_order":0,"comment_status":"closed","ping_status":"closed","template":"","meta":{"_acf_changed":false,"footnotes":""},"class_list":["post-1770","page","type-page","status-publish","hentry"],"acf":[],"_links":{"self":[{"href":"https:\/\/new.costaricanaturaltours.com\/es\/wp-json\/wp\/v2\/pages\/1770","targetHints":{"allow":["GET"]}}],"collection":[{"href":"https:\/\/new.costaricanaturaltours.com\/es\/wp-json\/wp\/v2\/pages"}],"about":[{"href":"https:\/\/new.costaricanaturaltours.com\/es\/wp-json\/wp\/v2\/types\/page"}],"author":[{"embeddable":true,"href":"https:\/\/new.costaricanaturaltours.com\/es\/wp-json\/wp\/v2\/users\/3"}],"replies":[{"embeddable":true,"href":"https:\/\/new.costaricanaturaltours.com\/es\/wp-json\/wp\/v2\/comments?post=1770"}],"version-history":[{"count":11,"href":"https:\/\/new.costaricanaturaltours.com\/es\/wp-json\/wp\/v2\/pages\/1770\/revisions"}],"predecessor-version":[{"id":4258,"href":"https:\/\/new.costaricanaturaltours.com\/es\/wp-json\/wp\/v2\/pages\/1770\/revisions\/4258"}],"wp:attachment":[{"href":"https:\/\/new.costaricanaturaltours.com\/es\/wp-json\/wp\/v2\/media?parent=1770"}],"curies":[{"name":"wp","href":"https:\/\/api.w.org\/{rel}","templated":true}]}}