{"id":1774,"date":"2015-11-11T20:55:06","date_gmt":"2015-11-11T20:55:06","guid":{"rendered":"http:\/\/new.costaricanaturaltours.com\/?page_id=1774"},"modified":"2017-04-07T12:25:34","modified_gmt":"2017-04-07T12:25:34","slug":"monteverde","status":"publish","type":"page","link":"https:\/\/new.costaricanaturaltours.com\/es\/monteverde\/","title":{"rendered":"Monteverde"},"content":{"rendered":"<p>[vc_row][vc_column][vc_single_image image=\u00bb3654&#8243; img_size=\u00bb900&#215;500&#8243; alignment=\u00bbcenter\u00bb][vc_empty_space height=\u00bb92px\u00bb][\/vc_column][\/vc_row][vc_row][vc_column][vc_column_text]<\/p>\n<p style=\"text-align: justify;\"><strong>Reserva Biol\u00f3gica de Monteverde<\/strong><\/p>\n<p style=\"text-align: justify;\"><strong>\u00a0\u00a0\u00a0\u00a0\u00a0<\/strong><\/p>\n<p style=\"text-align: justify;\">La Reserva Biol\u00f3gica de Monteverde fue fundada en los a\u00f1os\u00a0\u00b450s por un grupo de Cu\u00e1queros provenientes de E.U, actualmente es administrada por el Centro Cient\u00edfico Tropical. Tiene una extensi\u00f3n: 10,500 hect\u00e1reas (25,946.4 acres). Se sit\u00faa al noroeste de Costa Rica, en las provincias de Alajuela, Puntarenas y Guanacaste, en la Cordillera de Tilar\u00e1n, con una cercan\u00eda de aproximadamente de tres horas desde el Valle Central. Es considerada como el bosque nuboso m\u00e1s reconocido del mundo por su gran biodiversidad y\u00a0su aporte a la conservaci\u00f3n e investigaci\u00f3n cient\u00edfica.<\/p>\n<p style=\"text-align: justify;\">La Reserva Biol\u00f3gica de Monteverde, posee una impresionante Flora y Fauna, es el\u00a0 hogar de m\u00e1s de mil especies de plantas y animales en conjunto, incluyendo jaguares, tucanes, pumas, monos y ranas de ojos rojos que han servido como carta de presentaci\u00f3n para Costa Rica! Existen tambi\u00e9n 420 especies de orqu\u00eddeas y 200 especies de helechos.<\/p>\n<p style=\"text-align: justify;\">El Quetzal es el ave m\u00e1s llamativa de la zona y su h\u00e1bitat son los bosques lluviosos, junto a \u00e9ste sobresalen el p\u00e1jaro campana y el p\u00e1jaro sombrilla; sin embargo, se pueden admirar los colibr\u00edes, y el jilguero entre otros.<\/p>\n<p style=\"text-align: justify;\">El clima de Monteverde es muy fresco y lluvioso, por lo tanto se recomienda llevar ropa para esta condici\u00f3n.<\/p>\n<p style=\"text-align: justify;\">Las actividades tur\u00edsticas m\u00e1s significativas para realizar en Monteverde son: Observaci\u00f3n de Aves, Paseos a caballo, Caminatas, Bicicleta de monta\u00f1a, Canopy tour o zip line y puentes colgantes entre otras actividades.<\/p>\n<p>[\/vc_column_text][vc_empty_space][\/vc_column][\/vc_row][vc_row][vc_column][vc_column_text]<\/p>\n<p>[map center=\u00bb10.2855162, -84.8885282,12&#8243; markers=\u00bb10.2855162,-84.8885282,12&#8243; height=\u00bb255px\u00bb \/]<br \/>\n[box][\/vc_column_text][\/vc_column][\/vc_row]<\/p>","protected":false},"excerpt":{"rendered":"<p>[vc_row][vc_column][vc_single_image image=\u00bb3654&#8243; img_size=\u00bb900&#215;500&#8243; alignment=\u00bbcenter\u00bb][vc_empty_space height=\u00bb92px\u00bb][\/vc_column][\/vc_row][vc_row][vc_column][vc_column_text] Reserva Biol\u00f3gica de Monteverde \u00a0\u00a0\u00a0\u00a0\u00a0 La Reserva Biol\u00f3gica de Monteverde fue fundada en los a\u00f1os\u00a0\u00b450s por un grupo de Cu\u00e1queros provenientes de E.U, actualmente es administrada por el Centro Cient\u00edfico Tropical. Tiene una extensi\u00f3n: 10,500 hect\u00e1reas (25,946.4 acres). Se sit\u00faa al noroeste de Costa Rica, en las provincias de Alajuela,&hellip;<\/p>\n","protected":false},"author":3,"featured_media":0,"parent":0,"menu_order":0,"comment_status":"closed","ping_status":"closed","template":"","meta":{"_acf_changed":false,"footnotes":""},"class_list":["post-1774","page","type-page","status-publish","hentry"],"acf":[],"_links":{"self":[{"href":"https:\/\/new.costaricanaturaltours.com\/es\/wp-json\/wp\/v2\/pages\/1774","targetHints":{"allow":["GET"]}}],"collection":[{"href":"https:\/\/new.costaricanaturaltours.com\/es\/wp-json\/wp\/v2\/pages"}],"about":[{"href":"https:\/\/new.costaricanaturaltours.com\/es\/wp-json\/wp\/v2\/types\/page"}],"author":[{"embeddable":true,"href":"https:\/\/new.costaricanaturaltours.com\/es\/wp-json\/wp\/v2\/users\/3"}],"replies":[{"embeddable":true,"href":"https:\/\/new.costaricanaturaltours.com\/es\/wp-json\/wp\/v2\/comments?post=1774"}],"version-history":[{"count":13,"href":"https:\/\/new.costaricanaturaltours.com\/es\/wp-json\/wp\/v2\/pages\/1774\/revisions"}],"predecessor-version":[{"id":4260,"href":"https:\/\/new.costaricanaturaltours.com\/es\/wp-json\/wp\/v2\/pages\/1774\/revisions\/4260"}],"wp:attachment":[{"href":"https:\/\/new.costaricanaturaltours.com\/es\/wp-json\/wp\/v2\/media?parent=1774"}],"curies":[{"name":"wp","href":"https:\/\/api.w.org\/{rel}","templated":true}]}}