{"id":1777,"date":"2015-11-11T20:57:50","date_gmt":"2015-11-11T20:57:50","guid":{"rendered":"http:\/\/new.costaricanaturaltours.com\/?page_id=1777"},"modified":"2017-04-07T12:30:18","modified_gmt":"2017-04-07T12:30:18","slug":"caribbean","status":"publish","type":"page","link":"https:\/\/new.costaricanaturaltours.com\/es\/caribbean\/","title":{"rendered":"Caribe"},"content":{"rendered":"<p>[vc_row][vc_column][vc_single_image image=\u00bb3658&#8243; img_size=\u00bb900&#215;500&#8243; alignment=\u00bbcenter\u00bb onclick=\u00bblink_image\u00bb][vc_empty_space height=\u00bb92px\u00bb][vc_column_text]<\/p>\n<p style=\"text-align: justify;\"><strong>Caribe Sur<\/strong><\/p>\n<p style=\"text-align: justify;\">Esta zona se extiende desde Lim\u00f3n hasta la frontera con Panam\u00e1, Lim\u00f3n constituye el centro tur\u00edstico primario y funciona como centro de escala y distribuci\u00f3n.<\/p>\n<p style=\"text-align: justify;\">El Caribe Sur, es famosa por exuberantes selvas tropicales, playas hermosas y su cultura afro-caribe\u00f1a que invita a la relajaci\u00f3n, descanso y tranquilidad. Sus caracter\u00edsticas \u00fanicas como su comida picante le dan a este lugar la excusa\u00a0perfecta para visitarlo.<\/p>\n<p style=\"text-align: justify;\">Las playas, cubiertas de vegetaci\u00f3n tropical y permiten la mezcla de actividades como aventura e historia natural que se complementa definitivamente con la cultura, la gastronom\u00eda y la m\u00fasica. Destacan los arrecifes coralinos, playas de arenas multicolores (desde negras, blancas, amarillas y grises), vegetaci\u00f3n costera y bosques de altura media.<\/p>\n<p style=\"text-align: justify;\">EL clima generalmente es lluvioso, caracter\u00edstico de su zona, pero con un promedio anual de clima c\u00e1lido. Las precipitaciones disminuyen entre enero y abril, y de finales de septiembre a principios de octubre. Las temperaturas oscilan entre los 25 y los 27\u00b0 C, en los meses de enero y febrero pueden bajar a un m\u00ednimo de 20\u00b0C y aumentar a un m\u00e1ximo de 30\u00b0C durante los meses de abril y mayo.<\/p>\n<p style=\"text-align: justify;\">Principales Actividades Tur\u00edsticas: Ciclismos, recorridos en bote, snorkeling, surf, canopy tour, caminatas, cabalgatas, visita a Reservas ind\u00edgenas, entre otras.<\/p>\n<p style=\"text-align: justify;\">Alguno de los Atractivos Tur\u00edsticos: Parque Nacional Cahuita, Refugio Gandoca- Manzanillo, Puerto Viejo, Reserva ind\u00edgena Kekoldi, Reserva ind\u00edgena Yorkin y entre otras.<\/p>\n<p>[\/vc_column_text][vc_empty_space][\/vc_column][\/vc_row][vc_row][vc_column][vc_column_text][map center=\u00bb9.7359907, -82.856666,15&#8243; markers=\u00bb9.7359907, -82.856666,15&#8243; height=\u00bb255px\u00bb \/]<br \/>\n[box][\/vc_column_text][\/vc_column][\/vc_row][vc_row][vc_column][\/vc_column][\/vc_row]<\/p>","protected":false},"excerpt":{"rendered":"<p>[vc_row][vc_column][vc_single_image image=\u00bb3658&#8243; img_size=\u00bb900&#215;500&#8243; alignment=\u00bbcenter\u00bb onclick=\u00bblink_image\u00bb][vc_empty_space height=\u00bb92px\u00bb][vc_column_text] Caribe Sur Esta zona se extiende desde Lim\u00f3n hasta la frontera con Panam\u00e1, Lim\u00f3n constituye el centro tur\u00edstico primario y funciona como centro de escala y distribuci\u00f3n. El Caribe Sur, es famosa por exuberantes selvas tropicales, playas hermosas y su cultura afro-caribe\u00f1a que invita a la relajaci\u00f3n, descanso y&hellip;<\/p>\n","protected":false},"author":3,"featured_media":0,"parent":0,"menu_order":0,"comment_status":"closed","ping_status":"closed","template":"","meta":{"_acf_changed":false,"footnotes":""},"class_list":["post-1777","page","type-page","status-publish","hentry"],"acf":[],"_links":{"self":[{"href":"https:\/\/new.costaricanaturaltours.com\/es\/wp-json\/wp\/v2\/pages\/1777","targetHints":{"allow":["GET"]}}],"collection":[{"href":"https:\/\/new.costaricanaturaltours.com\/es\/wp-json\/wp\/v2\/pages"}],"about":[{"href":"https:\/\/new.costaricanaturaltours.com\/es\/wp-json\/wp\/v2\/types\/page"}],"author":[{"embeddable":true,"href":"https:\/\/new.costaricanaturaltours.com\/es\/wp-json\/wp\/v2\/users\/3"}],"replies":[{"embeddable":true,"href":"https:\/\/new.costaricanaturaltours.com\/es\/wp-json\/wp\/v2\/comments?post=1777"}],"version-history":[{"count":8,"href":"https:\/\/new.costaricanaturaltours.com\/es\/wp-json\/wp\/v2\/pages\/1777\/revisions"}],"predecessor-version":[{"id":4262,"href":"https:\/\/new.costaricanaturaltours.com\/es\/wp-json\/wp\/v2\/pages\/1777\/revisions\/4262"}],"wp:attachment":[{"href":"https:\/\/new.costaricanaturaltours.com\/es\/wp-json\/wp\/v2\/media?parent=1777"}],"curies":[{"name":"wp","href":"https:\/\/api.w.org\/{rel}","templated":true}]}}