{"id":1779,"date":"2015-11-11T21:01:05","date_gmt":"2015-11-11T21:01:05","guid":{"rendered":"http:\/\/new.costaricanaturaltours.com\/?page_id=1779"},"modified":"2017-04-07T12:37:14","modified_gmt":"2017-04-07T12:37:14","slug":"tortuguero-national-park","status":"publish","type":"page","link":"https:\/\/new.costaricanaturaltours.com\/es\/tortuguero-national-park\/","title":{"rendered":"Tortuguero National Park"},"content":{"rendered":"<p>[vc_row][vc_column][vc_single_image image=\u00bb3668&#8243; img_size=\u00bb900&#215;500&#8243; alignment=\u00bbcenter\u00bb onclick=\u00bblink_image\u00bb][vc_empty_space height=\u00bb92px\u00bb][vc_column_text]<strong>\u00a0<\/strong><strong>Parque Nacional Tortuguero<\/strong><\/p>\n<p style=\"text-align: justify;\">Este parque est\u00e1 ubicado en la regi\u00f3n caribe\u00f1a norte de Costa Rica, entre el r\u00edo Parismina y el r\u00edo San Juan en la frontera con Nicaragua. Es un destino popular para el eco-turista y los\u00a0aventureros o aficionados a las actividades recreativas al aire libre.<\/p>\n<p style=\"text-align: justify;\">Su clima es h\u00famedo; lluvia anual llega a 6000 mm en la parte norte del parque. Es una de las \u00e1reas m\u00e1s lluviosas del pa\u00eds. No existe la \u00e9poca seca, pero si es un hecho que llueve menos en febrero, marzo y octubre.<\/p>\n<p style=\"text-align: justify;\">El Parque Nacional Tortuguero, fue creado con el prop\u00f3sito de proteger el \u00e1rea de anidaci\u00f3n de la tortuga, conocido mundialmente por el desove en su playa.<\/p>\n<p style=\"text-align: justify;\">La fauna es abundante y variada, aproximadamente 160 especies de mam\u00edferos, muchos de ellos en peligro de extinci\u00f3n (felinos, monos, perezosos y el manat\u00ed una especie poco investigada); 400 especies de aves y 52 especies de peces de aguas continentales; donde sobresale el pez Gaspar, considerado como un f\u00f3sil viviente en v\u00edas de extinci\u00f3n.<\/p>\n<p style=\"text-align: justify;\">El turismo es la principal actividad econ\u00f3mica de la zona, seguida de la pesca y la agricultura.<\/p>\n<p style=\"text-align: justify;\">Para llegar al parque puede hacerlo por bote o por avioneta desde San Jos\u00e9. Sin embargo, la mayor\u00eda de hoteles de la zona ofrecen paquetes que incluyen el transporte desde San Jos\u00e9 por tierra y bote.<\/p>\n<p style=\"text-align: justify;\">Las actividades tur\u00edsticas se dan de d\u00eda y de noche: caminatas, disfrutar del sol y la playa, observar la biodiversidad, paseos en bote o kayak por los canales de Tortuguero, o disfrutar de la vida t\u00edpica caribe\u00f1a de los locales.<\/p>\n<p>[\/vc_column_text][vc_empty_space][\/vc_column][\/vc_row][vc_row][vc_column][vc_column_text][map center=\u00bb10.4488767, -83.5091113,17&#8243; markers=\u00bb10.4488767, -83.5091113,17&#8243; height=\u00bb255px\u00bb \/]<br \/>\n[box][\/vc_column_text][\/vc_column][\/vc_row]<\/p>","protected":false},"excerpt":{"rendered":"<p>[vc_row][vc_column][vc_single_image image=\u00bb3668&#8243; img_size=\u00bb900&#215;500&#8243; alignment=\u00bbcenter\u00bb onclick=\u00bblink_image\u00bb][vc_empty_space height=\u00bb92px\u00bb][vc_column_text]\u00a0Parque Nacional Tortuguero Este parque est\u00e1 ubicado en la regi\u00f3n caribe\u00f1a norte de Costa Rica, entre el r\u00edo Parismina y el r\u00edo San Juan en la frontera con Nicaragua. Es un destino popular para el eco-turista y los\u00a0aventureros o aficionados a las actividades recreativas al aire libre. Su clima es&hellip;<\/p>\n","protected":false},"author":3,"featured_media":0,"parent":0,"menu_order":0,"comment_status":"closed","ping_status":"closed","template":"","meta":{"_acf_changed":false,"footnotes":""},"class_list":["post-1779","page","type-page","status-publish","hentry"],"acf":[],"_links":{"self":[{"href":"https:\/\/new.costaricanaturaltours.com\/es\/wp-json\/wp\/v2\/pages\/1779","targetHints":{"allow":["GET"]}}],"collection":[{"href":"https:\/\/new.costaricanaturaltours.com\/es\/wp-json\/wp\/v2\/pages"}],"about":[{"href":"https:\/\/new.costaricanaturaltours.com\/es\/wp-json\/wp\/v2\/types\/page"}],"author":[{"embeddable":true,"href":"https:\/\/new.costaricanaturaltours.com\/es\/wp-json\/wp\/v2\/users\/3"}],"replies":[{"embeddable":true,"href":"https:\/\/new.costaricanaturaltours.com\/es\/wp-json\/wp\/v2\/comments?post=1779"}],"version-history":[{"count":11,"href":"https:\/\/new.costaricanaturaltours.com\/es\/wp-json\/wp\/v2\/pages\/1779\/revisions"}],"predecessor-version":[{"id":4266,"href":"https:\/\/new.costaricanaturaltours.com\/es\/wp-json\/wp\/v2\/pages\/1779\/revisions\/4266"}],"wp:attachment":[{"href":"https:\/\/new.costaricanaturaltours.com\/es\/wp-json\/wp\/v2\/media?parent=1779"}],"curies":[{"name":"wp","href":"https:\/\/api.w.org\/{rel}","templated":true}]}}