{"id":2806,"date":"2017-01-31T17:09:39","date_gmt":"2017-01-31T17:09:39","guid":{"rendered":"http:\/\/new.costaricanaturaltours.com\/?page_id=2806"},"modified":"2024-07-03T18:24:22","modified_gmt":"2024-07-04T00:24:22","slug":"car-rentals","status":"publish","type":"page","link":"https:\/\/new.costaricanaturaltours.com\/es\/car-rentals\/","title":{"rendered":"Carros de Alquiler"},"content":{"rendered":"<p>[vc_row][vc_column width=\u00bb2\/3&#8243;][vc_empty_space][vc_column_text]<\/p>\n<p style=\"text-align: justify;\">En esta secci\u00f3n encontrara una lista de autos de alquiler para que pueda descubrir Costa Rica con mayor libertad, viajando por su cuenta y a su ritmo, en donde podr\u00e1 realizar las paradas estrat\u00e9gicas que se requiera durante su trayecto o visitar destinos aleda\u00f1os a la zona donde se dirige.<\/p>\n<p style=\"text-align: justify;\"><strong>\u00a0<\/strong><\/p>\n<p style=\"text-align: justify;\">Todas nuestras compa\u00f1\u00edas de alquiler de carros ofrecen una flotilla compuesta por veh\u00edculos de alta calidad y en condiciones excelentes. Los carros son renovados cada 2 a\u00f1os y con una revisi\u00f3n totalmente estricta.<\/p>\n<p style=\"text-align: justify;\"><strong>\u00a0<\/strong><\/p>\n<p style=\"text-align: justify;\">La mayor\u00eda de las empresas para alquiler de veh\u00edculos en Costa Rica ofrecen carros de transmisi\u00f3n manual, aunque tambi\u00e9n podr\u00e1 encontrar autom\u00f3viles de transmisi\u00f3n autom\u00e1tica. Aseg\u00farese de informarnos con anticipaci\u00f3n si usted\u00a0 necesita un autom\u00f3vil autom\u00e1tico para que podamos reserv\u00e1rselo con suficiente antelaci\u00f3n.<\/p>\n<p style=\"text-align: justify;\"><strong>\u00a0<\/strong><\/p>\n<p style=\"text-align: justify;\">Dependiendo del destino que planea visitar recomendamos un autom\u00f3vil de tracci\u00f3n 4&#215;4 no s\u00f3lo porque cuenta con doble tracci\u00f3n sino porque tambi\u00e9n posee mayor comodidad y estabilidad en el terreno. Dentro de la\u00a0 regi\u00f3n del Valle Central no hay necesidad de reservar un autom\u00f3vil con esas caracter\u00edsticas. Sin embargo, para todas las dem\u00e1s \u00e1reas del pa\u00eds es altamente recomendable un autom\u00f3vil todo terreno (4&#215;4). Tenga en cuenta que en destinos como el Parque Nacional Tortuguero y el Parque Nacional Corcovado no ser\u00e1 posible visitar con movilidad y se deber\u00e1 aparcar el autom\u00f3vil en el puerto de embarque.<\/p>\n<p style=\"text-align: justify;\"><strong>\u00a0<\/strong><\/p>\n<p style=\"text-align: justify;\">\u00a1Conozca las diferentes opciones de autos que usted puede escoger para conducir en Costa Rica y avent\u00farese!<\/p>\n<p>&nbsp;<\/p>\n<p>[\/vc_column_text][\/vc_column][vc_column width=\u00bb1\/3&#8243;][vc_empty_space height=\u00bb130px\u00bb][vc_btn title=\u00bbAdobe\u00bb style=\u00bbflat\u00bb color=\u00bbwarning\u00bb align=\u00bbcenter\u00bb css=\u00bb\u00bb link=\u00bburl:http%3A%2F%2Fnew.costaricanaturaltours.com%2Fes%2Fadobe-rent-a-car%2F\u00bb][\/vc_column][\/vc_row][vc_row][vc_column width=\u00bb1\/3&#8243;][vc_single_image image=\u00bb3830&#8243; img_size=\u00bblarge\u00bb alignment=\u00bbcenter\u00bb style=\u00bbvc_box_shadow_border_circle_2&#8243; onclick=\u00bblink_image\u00bb][\/vc_column][vc_column width=\u00bb1\/3&#8243;][vc_single_image image=\u00bb3832&#8243; img_size=\u00bblarge\u00bb alignment=\u00bbcenter\u00bb style=\u00bbvc_box_shadow_border_circle_2&#8243; onclick=\u00bblink_image\u00bb][\/vc_column][vc_column width=\u00bb1\/3&#8243;][vc_single_image image=\u00bb3831&#8243; img_size=\u00bblarge\u00bb alignment=\u00bbcenter\u00bb style=\u00bbvc_box_shadow_border_circle_2&#8243; onclick=\u00bblink_image\u00bb][\/vc_column][\/vc_row][vc_row][vc_column][vc_empty_space][vc_single_image image=\u00bb9221&#8243; img_size=\u00bbfull\u00bb alignment=\u00bbcenter\u00bb onclick=\u00bbcustom_link\u00bb link=\u00bbhttp:\/\/new.costaricanaturaltours.com\/es\/itinerario-personalizado\/\u00bb][\/vc_column][\/vc_row][vc_row][vc_column][vc_empty_space][vc_cta h2=\u00bbDurante su estad\u00eda en Costa Rica, \u00bfDesea alquilar un autom\u00f3vil?\u00bb h2_font_container=\u00bbtag:h2|text_align:left\u00bb h4=\u00bbComplete el formulario a continuaci\u00f3n y nos pondremos en contacto con usted a la brevedad.\u00bb el_width=\u00bbmd\u00bb add_button=\u00bbright\u00bb btn_title=\u00bbAqu\u00ed&#8230;\u00bb btn_color=\u00bbgreen\u00bb btn_size=\u00bblg\u00bb css=\u00bb\u00bb use_custom_fonts_h2=\u00bbtrue\u00bb btn_add_icon=\u00bbtrue\u00bb btn_link=\u00bburl:http%3A%2F%2Fnew.costaricanaturaltours.com%2Fes%2Fcar-rental-reservation%2F\u00bb][\/vc_cta][\/vc_column][\/vc_row]<\/p>","protected":false},"excerpt":{"rendered":"<p>[vc_row][vc_column width=\u00bb2\/3&#8243;][vc_empty_space][vc_column_text] En esta secci\u00f3n encontrara una lista de autos de alquiler para que pueda descubrir Costa Rica con mayor libertad, viajando por su cuenta y a su ritmo, en donde podr\u00e1 realizar las paradas estrat\u00e9gicas que se requiera durante su trayecto o visitar destinos aleda\u00f1os a la zona donde se dirige. \u00a0 Todas nuestras&hellip;<\/p>\n","protected":false},"author":3,"featured_media":0,"parent":0,"menu_order":0,"comment_status":"closed","ping_status":"closed","template":"","meta":{"_acf_changed":false,"footnotes":""},"class_list":["post-2806","page","type-page","status-publish","hentry"],"acf":[],"_links":{"self":[{"href":"https:\/\/new.costaricanaturaltours.com\/es\/wp-json\/wp\/v2\/pages\/2806","targetHints":{"allow":["GET"]}}],"collection":[{"href":"https:\/\/new.costaricanaturaltours.com\/es\/wp-json\/wp\/v2\/pages"}],"about":[{"href":"https:\/\/new.costaricanaturaltours.com\/es\/wp-json\/wp\/v2\/types\/page"}],"author":[{"embeddable":true,"href":"https:\/\/new.costaricanaturaltours.com\/es\/wp-json\/wp\/v2\/users\/3"}],"replies":[{"embeddable":true,"href":"https:\/\/new.costaricanaturaltours.com\/es\/wp-json\/wp\/v2\/comments?post=2806"}],"version-history":[{"count":70,"href":"https:\/\/new.costaricanaturaltours.com\/es\/wp-json\/wp\/v2\/pages\/2806\/revisions"}],"predecessor-version":[{"id":12728,"href":"https:\/\/new.costaricanaturaltours.com\/es\/wp-json\/wp\/v2\/pages\/2806\/revisions\/12728"}],"wp:attachment":[{"href":"https:\/\/new.costaricanaturaltours.com\/es\/wp-json\/wp\/v2\/media?parent=2806"}],"curies":[{"name":"wp","href":"https:\/\/api.w.org\/{rel}","templated":true}]}}