{"id":3032,"date":"2017-02-08T12:50:52","date_gmt":"2017-02-08T12:50:52","guid":{"rendered":"http:\/\/new.costaricanaturaltours.com\/es\/?page_id=3032"},"modified":"2017-02-09T20:31:48","modified_gmt":"2017-02-09T20:31:48","slug":"the-rio-celeste-adventure-package","status":"publish","type":"page","link":"https:\/\/new.costaricanaturaltours.com\/es\/the-rio-celeste-adventure-package\/","title":{"rendered":"AVENTURA EN R\u00cdO CELESTE"},"content":{"rendered":"<p>[vc_row][vc_column width=\u00bb1\/2&#8243;][vc_column_text]<strong>D\u00cdA 1.- AEROPUERTO SAN JOS\u00c9 \/ HOTEL SAN JOS\u00c9<\/strong><br \/>\nLlegada a Costa Rica, al Aeropuerto Internacional Juan Santamar\u00eda, ubicado en la ciudad de Alajuela, muy cerca de la capital, San Jos\u00e9, a tan solo 25 minutos. Despu\u00e9s de recoger su equipaje y pasar por migraci\u00f3n, nuestro\u00a0chofer le estar\u00e1 esperando fuera de la puerta principal del Aeropuerto, \u00e9l tendr\u00e1 un r\u00f3tulo con su nombre, para luego trasladarle hacia su hotel en San Jos\u00e9, este traslado privado tiene una duraci\u00f3n aproximada de 25 minutos. Hospedaje en el Hotel Palma Real. Acomodados en habitaci\u00f3n Standard.<\/p>\n<p><strong>D\u00cdA 2. &#8211; HOTEL SAN JOS\u00c9\/ HOTEL VOLC\u00c1N\u00a0ARENAL<\/strong>.-<\/p>\n<p>Salida de San Jos\u00e9, con 3 horas de recorrido aproximadamente, para dirigirse rumbo hac\u00eda el Parque Nacional Volc\u00e1n Arenal. Alrededor de las 8.30 horas un personal del transporte tur\u00edstico \u00abPuerta a puerta\u00bb, les pasara a recoger en recepci\u00f3n de su hotel para dirigirse a su destino final como es el Volc\u00e1n Arenal. El impresionante Volc\u00e1n Arenal es una maravilla natural que se encuentra en La Fortuna de San Carlos, Alajuela, ofreciendo a miles de turistas la oportunidad de apreciar las columnas de humo blanco, ceniza y actividad fumar\u00f3lica que emana del coloso de forma c\u00f3nica. Es importante tomar en cuenta que el volc\u00e1n se hab\u00eda mantenido dormido por al menos unos 450 a\u00f1os, hasta que el 29 de Julio de 1968 volvi\u00f3 a experimentar una gran erupci\u00f3n, dando inicio a un nuevo periodo de actividad piro cl\u00e1stica, dicha actividad ha disminuido considerablemente durante los \u00faltimos a\u00f1os.<\/p>\n<p>En ruta al Volc\u00e1n Arenal, haremos una parada en el famoso poblado de Sarch\u00ed, conocido como la cuna de los artesanos de Costa Rica, donde tendr\u00e1n la mejor oportunidad de adquirir los souvenir como maderas, ropa y recuerdos en general.<\/p>\n<p>En Sarch\u00ed, es muy posible que vea una carreta de bueyes que ostenta el t\u00edtulo de ser la m\u00e1s grande del mundo, la cual est\u00e1 construida de madera (cedro) y decorada con colores sorprendentes, como un color naranja brillante. El dise\u00f1o es t\u00edpico y complejo, cuenta con dos niveles de altura y tom\u00f3 70 d\u00edas en ser completada, tiene adem\u00e1s una honorable menci\u00f3n en el libro mundial de record Guinness.<\/p>\n<p>El viaje contin\u00faa, atravesando zonas de bosque, as\u00ed como tambi\u00e9n plantaciones de diversos productos agr\u00edcolas, incluyendo plantaciones de caf\u00e9, pi\u00f1a, adem\u00e1s de plantas ornamentales, fincas de ganado, y a su vez experimentando la variedad de microclimas presentes en el pa\u00eds, hasta llegar al hermoso pueblo de La Fortuna, para detenerse y disfrutar de un almuerzo en un acogedor restaurante con vista espectacular del Volc\u00e1n Arenal.<\/p>\n<p>Luego del almuerzo se realizar\u00e1 una visita a un mirador cercano al pie del volc\u00e1n para apreciar m\u00e1s de cerca la vista del volc\u00e1n y adem\u00e1s la vista del lago Arenal.<\/p>\n<p>Eventualmente el turista disfrutar\u00e1 y se relajar\u00e1 en una de las mejores aguas termales del pa\u00eds, donde podr\u00e1 disfrutar de los efectos rejuvenecedores de las mismas cuya temperatura oscila entre los 33 a 66 grados Celsius (93-152 Fahrenheit) proporcionando a los clientes una amplia gama de opciones que se adapten a sus necesidades, as\u00ed como un masaje (actividad opcional) u otros tratamientos especiales que deben ser reservados con anticipaci\u00f3n para asegurar disponibilidad.<\/p>\n<p>Las aguas termales de Tabac\u00f3n combinan los cuatro elementos de la naturaleza, el calor del volc\u00e1n, las aguas que fluyen de los manantiales de agua caliente, el aire puro de la selva, y la tierra f\u00e9rtil de la regi\u00f3n de La Fortuna de San Carlos.<\/p>\n<p>Y para un final perfecto, antes de llevarle a su hotel, disfrutaremos de una maravillosa y deliciosa cena estilo buffet en el Tabac\u00f3n Resort. Hospedaje en el Hotel La Pradera o alguno similar. Acomodados en Bungalow con vista al volc\u00e1n (D) (A) (C)<\/p>\n<p><strong>D\u00cdA 3.- VOLC\u00c1N\u00a0ARENAL<\/strong>.-<\/p>\n<p>Hospedaje en el Hotel\u00a0 LA PRADERA o alguno similar. Acomodados en bungalow con vista al volc\u00e1n<\/p>\n<p>(D) (A)<\/p>\n<p>Tour Guiado a R\u00edo Celeste<\/p>\n<p>Partimos a las 7:00 a.m. de La Fortuna. Tomaremos el camino hacia R\u00edo Celeste ubicado en el Parque Nacional Volc\u00e1n Tenorio, donde iniciaremos una caminata de 7 kil\u00f3metros. (4 horas, aproximadamente) a trav\u00e9s del bosque lluvioso. Visitaremos el lugar llamado \u00abLos Te\u00f1ideros\u00bb, en este lugar encontraremos dos nacientes de agua cristalina de color celeste, por lo cual se dio este nombre.<\/p>\n<p>De regreso caminamos por un sendero en donde encontraremos \u00abOllas\u00bb estas son fumarolas llenas de barro. En el trayecto de la caminata se observan los gases de altas temperaturas as\u00ed como aguas termales. Continuaremos caminando hasta llegar a una hermosa catarata con sus aguas cristalinas de color celeste. Finalizamos nuestro recorrido con un exquisito almuerzo.<\/p>\n<p>Salida: 7:00 a.m.<\/p>\n<p>Llegada: Aproximadamente 5:30 p.m.<\/p>\n<p>Incluye: Gu\u00eda biling\u00fce, transporte, entradas y almuerzo<\/p>\n<p><strong>D\u00cdA 4.- VOLC\u00c1N\u00a0ARENAL \/ RESERVA BIOL\u00d3GICA\u00a0MONTEVERDE<\/strong>.-<\/p>\n<p>Salida de Arenal rumbo a la Reserva Biol\u00f3gica de Monteverde, este trayecto tiene una duraci\u00f3n aproximada de 2 horas y se har\u00e1 a trav\u00e9s del Lago Arenal. Hospedaje en el <u>Hotel Cloud Forest Lodge<\/u> Acomodados en\u00a0 habitaci\u00f3n standard. (D)<\/p>\n<p>La Reserva Biol\u00f3gica Bosque Nuboso Monteverde es famosa por ser uno de los santuarios de vida silvestre m\u00e1s destacados de los Tr\u00f3picos del Nuevo Mundo. Los bosques enanos espectacularmente esculpidos por el viento en los cerros expuestos contrastan con los bosques protegidos del viento, cuyos arboles lucen majestuosamente altos adornados con orqu\u00eddeas, bromelias, helechos, enredaderas y musgos.<\/p>\n<p>El clima variable y la inclinada gradiente de altitudes han ayudado a producir una biodiversidad bastante alta. Se reportan m\u00e1s de 100 especies de mam\u00edferos, 400 especies de aves, 120 especies de anfibios y reptiles y 3000 especies de plantas (entre ellas 420 tipos diferentes de orqu\u00eddeas), as\u00ed como decenas de miles de especies de insectos. Esta impresionante vida silvestre incluye al jaguar, el ocelote, la danta, el p\u00e1jaro campana y el quetzal.<\/p>\n<p><strong>D\u00edA 5.- RESERVA BIOL\u00d3GICA\u00a0MONTEVERDE<\/strong>.-<\/p>\n<p>Hospedaje en el Hotel Cloud Forest Lodge o alguno similar. Acomodados en habitaci\u00f3n standard (D)<\/p>\n<p>7.00 horas Tour Guiado a la Reserva Monteverde<\/p>\n<p>La Reserva Monteverde se encuentra localizada sobre la Divisi\u00f3n Continental al noroeste de Costa Rica. En las partes m\u00e1s altas se pueden experimentar la fortaleza de los vientos alisios que vienen desde la costa atl\u00e1ntica. El clima variado y los niveles latitudinales ayudan a que se produzca una alta biodiversidad, por lo que dentro del bosque se encuentra abundante vida silvestre; entre ella el Jaguar, la Pava Negra, el Ocelote, el Tucancito Esmeralda, el P\u00e1jaro Campana, el P\u00e1jaro Sombrilla, el P\u00e1jaro Bobo, el Quetzal, Colibr\u00edes y decenas de miles de insectos.<\/p>\n<p>El tour se extiende por nueve diferentes senderos dentro del bosque nuboso. En el trayecto, el gu\u00eda le explicar\u00e1 sobre la flora y fauna del ecosistema y aprender\u00e1 la relaci\u00f3n que existe entre las diferentes especies de animales y plantas. A mitad del recorrido, llegar\u00e1 a uno de los puntos m\u00e1s altos de la reserva, el mirador \u00abla Ventana\u00bb, en este punto apreciar\u00e1 un hermoso paisaje compuesto por la divisoria continental de Costa Rica y sentir\u00e1 los fuertes vientos h\u00famedos que descienden hacia las planicies del Pac\u00edfico Central y Norte del pa\u00eds.<\/p>\n<p>En su recorrido tambi\u00e9n podr\u00e1 visitar el puente colgante \u00abWilford Guindon\u00bb, donde tendr\u00e1 la oportunidad de observar gran cantidad de plantas epifitas, como las bromelias, orqu\u00eddeas, helechos, bejucos y musgos. Este puente tiene una longitud de 100 metros, en medio de las copas de los \u00e1rboles. Durante la visita por el bosque h\u00famedo de Monteverde se encontrar\u00e1 con diferentes riachuelos cargados de aguas cristalinas y gigantescos \u00e1rboles que sirven de vida a muchos animales. El gu\u00eda le ense\u00f1ar\u00e1 algunos de los secretos ocultos en el bosque.<\/p>\n<p>Al final del tour usted puede pasar por la tienda de recuerdos ubicada dentro de las instalaciones, la cual promueve la artesan\u00eda de la comunidad local.<\/p>\n<p>Descubra la magia del Bosque Nuboso de Costa Rica.<\/p>\n<p>14.00 horas\u00a0\u00a0 Canopy Tour: Sin duda alguna, el canopy es una de las actividades m\u00e1s atractivas y excitantes que usted podr\u00e1 disfrutar. Este consiste en cruzar de un \u00e1rbol a otro por medio de un cable haciendo todo el recorrido por las copas del bosque lluvioso. Es una combinaci\u00f3n perfecta de adrenalina, aventura y naturaleza, que junto con los hermosos paisajes de la zona, har\u00e1n de este tour, una experiencia inolvidable.<\/p>\n<p>La excursi\u00f3n da inicio con una peque\u00f1a charla acerca del equipo que usted utilizar\u00e1, adem\u00e1s de otras indicaciones por parte del gu\u00eda, para darle confianza y hacerlo re\u00edr un poco.<\/p>\n<p>El Tour de Canopy le ofrece, Rappel, Tarzan Swing y ante todo diversi\u00f3n y seguridad con el mejor personal posible y la mejor atenci\u00f3n .Aqu\u00ed podr\u00e1 tener el privilegio de observar el bosque desde una perspectiva diferente a la habitual.<\/p>\n<p>El recorrido le llevara por distintas etapas del bosque nuboso como lo es el bosque primario, pasando luego al bosque secundario en donde tendr\u00e1 la oportunidad de observar majestuosas vistas, escuchar los sonidos inconfundibles del bosque, en adici\u00f3n a esto sentir\u00e1s la adrenalina fluyendo mientras est\u00e1 realizando el Tarzan swing y l\u00edneas que van desde los 70m hasta los 800m de longitud.<\/p>\n<p>Las dos horas de tour, que cuenta con m\u00e1s de 2 kil\u00f3metros de cables, son ideales para cualquier edad. El equipo utilizado es \u00fanicamente de primera calidad y con una m\u00e1xima seguridad debidamente probado, para que usted disfrute al m\u00e1ximo su experiencia.<\/p>\n<p>Es una experiencia que recordar\u00e1 por siempre.<\/p>\n<p>CONSEJOS:<\/p>\n<ul>\n<li>Vestir preferiblemente pantal\u00f3n.<\/li>\n<li>Llevar zapatos cerrados o sandalias con amarre.<\/li>\n<li>No recargarse de art\u00edculos innecesarios.<\/li>\n<\/ul>\n<p><strong>D\u00cdA 6- RESERVA BIOL\u00d3GICA\u00a0MONTEVERDE\/ <\/strong><strong>PLAYAS DEL PARQUE NACIONAL\u00a0 MANUEL ANTONIO &#8211;<\/strong><\/p>\n<p>Despu\u00e9s de desayunar salida del hotel, por medio de su chofer regular tur\u00edstico rumbo a<\/p>\n<p>Las playas del Parque Nacional de Manuel Antonio. Hospedaje en el hotel La Mansion. Acomodados en Deluxe con vista al mar (D)<\/p>\n<p>Manuel Antonio, este parque nacional est\u00e1 considerado como de los m\u00e1s bellos del pa\u00eds.<br \/>\nLa combinaci\u00f3n de una paradis\u00edaca playa de aguas cristalinas con bancos de coral, bordeada por una exuberante vegetaci\u00f3n y los encantos naturales del bosque tropical h\u00famedo. Sus playas se cuentan entre las mejores del pa\u00eds, donde el buceo y el surf son muy populares.<\/p>\n<p><strong>D\u00cdA 7.- PLAYAS DEL PARQUE NACIONAL\u00a0 MANUEL ANTONIO.-<\/strong><\/p>\n<p>Hospedaje en el hotel La Mansi\u00f3n. Acomodados en Deluxe con vista al mar. (D)<\/p>\n<p>7.00 horas Tendr\u00e1n una Caminata guiada al Parque Nacional Manuel Antonio<\/p>\n<p>Deje que un experimentado gu\u00eda naturalista lo lleve a una instructiva caminata a trav\u00e9s del parque. Nuestros gu\u00edas saben d\u00f3nde es m\u00e1s com\u00fan ver los perezosos, monos, y dem\u00e1s animales; y le brindar\u00e1n mucha informaci\u00f3n\u00a0 durante las 2\u00a0 \u00bd horas de caminata. En el intermedio del tour en la tercera playa del parque, lo estar\u00e1 esperando\u00a0 un bufet de frutas y bebidas. Al finalizar el tour,\u00a0 tendr\u00e1 la opci\u00f3n de permanecer en el parque o de volver con nuestro gu\u00eda al Hotel.\u00a0 El precio incluye el derecho de entrada.<\/p>\n<p><strong>\u00a0<\/strong><\/p>\n<p><strong>D\u00cdA 8.- PLAYAS DEL PARQUE NACIONAL DE MANUEL ANTONIO \/ SAN JOS\u00c9.-<\/strong><\/p>\n<p>Salida del Hotel a la hora requerida, su chofer les estar\u00e1 recogiendo en el Lobby de su hotel para regresar a San Jos\u00e9, con 3 \u00bd\u00a0 horas de recorrido. Hospedaje en el Hotel Palma Real. (D)<\/p>\n<p><strong>D\u00cdA 9.- REGRESO A SU PA\u00cdS DE ORIGEN Y FIN DE UNA INOLVIDABLES VACACIONES.-<\/strong><\/p>\n<p>A la hora requerida salida del hotel y con su desayuno incluido, su chofer le estar\u00e1 recogiendo en\u00a0 la recepci\u00f3n de su hotel para luego transportarle al Aeropuerto Internacional, para que puedan tomar su vuelo de regreso\u00a0 (D)<\/p>\n<p><strong>DETALLES DEL PAQUETE<\/strong><\/p>\n<p><strong>LO QUE ESTA INCLUIDO:<\/strong><\/p>\n<p>8 Noches de hospedaje:<\/p>\n<p>1 Noche en San Jos\u00e9 Hotel Palma Real (Habitaci\u00f3n tipo standard)<\/p>\n<p>2 noches en el Volc\u00e1n Arenal Hotel La Pradera (Habitaci\u00f3n tipo Bungalow)<\/p>\n<p>2 noches en La Reserva Biol\u00f3gica Monteverde Hotel Cloud Forest Lodge (Habitaci\u00f3n tipo standard)<\/p>\n<p>2 noches en Playas del Parque Nacional. Manuel Antonio Hotel La Mansion (Habitaci\u00f3n tipo Deluxe)<\/p>\n<p>1 Noche en San Jos\u00e9 Hotel Palma Real (Habitaci\u00f3n tipo standard)<\/p>\n<p><strong>ADEMAS<\/strong>:<\/p>\n<p>Impuestos<\/p>\n<p>Traslado Privado Aeropuerto-Hotel-Aeropuerto<\/p>\n<p>Alimentaci\u00f3n donde se indica: Desayuno (D), Almuerzo (A) y Cena (C)<\/p>\n<p>Traslados Regulares tur\u00edsticos entre destinos<\/p>\n<p>Visita al pueblo pintoresco de Sarchi<\/p>\n<p>Entrada a las Aguas termales del TABACON SPA con cena incluida<\/p>\n<p>Tour Guiado a R\u00edo Celeste<\/p>\n<p>Canopy Tour en Monteverde<\/p>\n<p>Caminata guiada a La Reserva Monteverde<\/p>\n<p>Caminata guiada al Parque Nacional Manuel Antonio<\/p>\n<p><strong>LO QUE NO ESTA INCLUIDO<\/strong>:<\/p>\n<p>Impuestos de salida ($29.00 por persona) (Obligatorio y pagados en el Aeropuerto Internacional)<\/p>\n<p>Gastos personales como; bebidas, llamadas telef\u00f3nicas, lavander\u00eda, etc.<\/p>\n<p>Propinas para ch\u00f3feres y\/o gu\u00edas.<\/p>\n<p>Vuelos internacionales[\/vc_column_text][\/vc_column][vc_column width=\u00bb1\/2&#8243;][vc_single_image image=\u00bb3093&#8243; img_size=\u00bb415&#215;277&#8243;][vc_empty_space height=\u00bb62px\u00bb][vc_single_image image=\u00bb2899&#8243; img_size=\u00bb415&#215;277&#8243;][vc_empty_space height=\u00bb62px\u00bb][vc_single_image image=\u00bb2987&#8243; img_size=\u00bb415&#215;277&#8243;][vc_empty_space height=\u00bb62px\u00bb][vc_single_image image=\u00bb3094&#8243; img_size=\u00bb415&#215;277&#8243;][vc_empty_space height=\u00bb62px\u00bb][vc_single_image image=\u00bb3088&#8243; img_size=\u00bb415&#215;277&#8243;][vc_empty_space height=\u00bb62px\u00bb][vc_single_image image=\u00bb3086&#8243; img_size=\u00bb415&#215;277&#8243;][vc_empty_space height=\u00bb62px\u00bb][vc_single_image image=\u00bb3087&#8243; img_size=\u00bb415&#215;277&#8243;][vc_empty_space height=\u00bb62px\u00bb][vc_single_image image=\u00bb3089&#8243; img_size=\u00bb415&#215;277&#8243;][vc_empty_space height=\u00bb62px\u00bb][vc_single_image image=\u00bb3013&#8243; img_size=\u00bb415&#215;277&#8243;][vc_empty_space height=\u00bb62px\u00bb][vc_single_image image=\u00bb2949&#8243; img_size=\u00bb415&#215;277&#8243;][vc_empty_space height=\u00bb202px\u00bb][vc_btn title=\u00bbReservar Aqu\u00ed&#8230;\u00bb style=\u00bbflat\u00bb shape=\u00bbsquare\u00bb color=\u00bbgreen\u00bb size=\u00bblg\u00bb align=\u00bbcenter\u00bb link=\u00bburl:http%3A%2F%2Fnew.costaricanaturaltours.com%2Fes%2Fcontacto%2F||\u00bb][\/vc_column][\/vc_row]<\/p>","protected":false},"excerpt":{"rendered":"<p>[vc_row][vc_column width=\u00bb1\/2&#8243;][vc_column_text]D\u00cdA 1.- AEROPUERTO SAN JOS\u00c9 \/ HOTEL SAN JOS\u00c9 Llegada a Costa Rica, al Aeropuerto Internacional Juan Santamar\u00eda, ubicado en la ciudad de Alajuela, muy cerca de la capital, San Jos\u00e9, a tan solo 25 minutos. Despu\u00e9s de recoger su equipaje y pasar por migraci\u00f3n, nuestro\u00a0chofer le estar\u00e1 esperando fuera de la puerta principal&hellip;<\/p>\n","protected":false},"author":3,"featured_media":0,"parent":0,"menu_order":0,"comment_status":"closed","ping_status":"closed","template":"","meta":{"_acf_changed":false,"footnotes":""},"class_list":["post-3032","page","type-page","status-publish","hentry"],"acf":[],"_links":{"self":[{"href":"https:\/\/new.costaricanaturaltours.com\/es\/wp-json\/wp\/v2\/pages\/3032","targetHints":{"allow":["GET"]}}],"collection":[{"href":"https:\/\/new.costaricanaturaltours.com\/es\/wp-json\/wp\/v2\/pages"}],"about":[{"href":"https:\/\/new.costaricanaturaltours.com\/es\/wp-json\/wp\/v2\/types\/page"}],"author":[{"embeddable":true,"href":"https:\/\/new.costaricanaturaltours.com\/es\/wp-json\/wp\/v2\/users\/3"}],"replies":[{"embeddable":true,"href":"https:\/\/new.costaricanaturaltours.com\/es\/wp-json\/wp\/v2\/comments?post=3032"}],"version-history":[{"count":11,"href":"https:\/\/new.costaricanaturaltours.com\/es\/wp-json\/wp\/v2\/pages\/3032\/revisions"}],"predecessor-version":[{"id":3115,"href":"https:\/\/new.costaricanaturaltours.com\/es\/wp-json\/wp\/v2\/pages\/3032\/revisions\/3115"}],"wp:attachment":[{"href":"https:\/\/new.costaricanaturaltours.com\/es\/wp-json\/wp\/v2\/media?parent=3032"}],"curies":[{"name":"wp","href":"https:\/\/api.w.org\/{rel}","templated":true}]}}