{"id":3044,"date":"2017-02-08T13:03:45","date_gmt":"2017-02-08T13:03:45","guid":{"rendered":"http:\/\/new.costaricanaturaltours.com\/es\/?page_id=3044"},"modified":"2017-02-15T23:22:53","modified_gmt":"2017-02-15T23:22:53","slug":"costa-rica-tropical-paradise-package","status":"publish","type":"page","link":"https:\/\/new.costaricanaturaltours.com\/es\/costa-rica-tropical-paradise-package\/","title":{"rendered":"Costa Rica Para\u00edso Tropical"},"content":{"rendered":"<p>[vc_row][vc_column width=\u00bb1\/2&#8243;][vc_column_text]<strong>D\u00cdA 1.- AEROPUERTO SAN JOS\u00c9.- HOTEL SAN JOS\u00c9<\/strong><br \/>\nLlegada a Costa Rica, al Aeropuerto Internacional Juan Santamar\u00eda, ubicado en la ciudad de Alajuela, muy cerca de la capital, San Jos\u00e9, a tan solo 25 minutos. Despu\u00e9s de recoger su equipaje y pasar por migraci\u00f3n, nuestro\u00a0chofer le estar\u00e1 esperando fuera de la puerta principal del Aeropuerto, \u00e9l tendr\u00e1 un r\u00f3tulo con su nombre, para luego trasladarle hacia su hotel en San Jos\u00e9, este traslado privado tiene una duraci\u00f3n aproximada de 25 minutos. Hospedaje en el Hotel KC San Jos\u00e9. Acomodados en habitaci\u00f3n Standard.<\/p>\n<p><strong>D\u00cdA 2.- SAN JOS\u00c9 \/ COMBO TOUR (Doka, Volc\u00e1n Po\u00e1s &amp; Cataratas La Paz)\/ SAN JOS\u00c9<\/strong><\/p>\n<p>Hospedaje en el Hotel KC San Jos\u00e9. Acomodados en habitaci\u00f3n Standard (D) (A)<\/p>\n<p>Se toma la carretera Panamericana con destino a la Ciudad de Alajuela, observando el Monumento al Agricultor, el Monumento a Juan Santamar\u00eda y el famoso Parque de los Mangos. En el ascenso al Volc\u00e1n haremos una parada para una breve explicaci\u00f3n sobre nuestro grano de oro, el caf\u00e9, y continuaremos el recorrido a trav\u00e9s de cultivos de helechos, flores y fresas.<\/p>\n<p>En este momento se hace notorio el cambio en la temperatura y la variada vegetaci\u00f3n, prepar\u00e1ndonos para disfrutar los placeres del exuberante bosque nuboso del Volc\u00e1n Po\u00e1s. En el Volc\u00e1n se tomar\u00e1 el tiempo necesario para observar el impresionante cr\u00e1ter principal, con fumarolas de azufre. Posteriormente realizaremos una caminata por el sendero hasta la hermosa Laguna Botos que nos permitir\u00e1 conocer acerca de los diferentes ecosistemas del parque. Continuando hacia la zona caribe\u00f1a, nos detendremos para descubrir los Jardines de la Catarata La Paz, un parque natural, donde caminaremos por verdaderos senderos espectaculares que nos conducir\u00e1n a la Catarata Magia Blanca (la m\u00e1s grande y espectacular del \u00e1rea).<\/p>\n<p>En el parque tambi\u00e9n visitaremos los observatorios de mariposas y aves, adem\u00e1s de la impresionante galer\u00eda de colibries, el aviario, la casa antigua, un ranario y serpentario. Finalizada la caminata tomaremos un delicioso almuerzo tipo buffet, para luego iniciar el regreso a San Jos\u00e9<\/p>\n<p>Recomendaciones: Sombrero, jacket ligera, zapatos c\u00f3modos, repelente, binoculares y c\u00e1mara.<\/p>\n<p><strong>D\u00cdA 3. SAN JOS\u00c9 \/ TORTUGUERO (CARIBE NORTE)<\/strong>.-<\/p>\n<p>Aproximadamente @ 6:30 AM. Su gu\u00eda los buscara en la recepci\u00f3n de su hotel, para salir por tierra y luego por lancha rumbo al Parque Nacional de Tortuguero, localizado en la Costa Atl\u00e1ntica. Hospedaje en el hotel <u>Laguna Lodge<\/u> o alg\u00fan otro similar, dependiendo de la disponibilidad en los hoteles. Acomodados en\u00a0 habitaci\u00f3n Standard. (D) (A) (C)<\/p>\n<p>El Parque Nacional Tortuguero se encuentra en la costa del Caribe. Paraiso m\u00edstico&#8230; una red de maravillosos y esc\u00e9nicos canales navegables. Considerada una de las regiones m\u00e1s ricas en flora y fauna de Costa Rica. Tortuguero es una de las \u00e1reas m\u00e1s silvestres en Costa Rica, con la variedad biol\u00f3gica m\u00e1s grande. Once h\u00e1bitats han sido identificados, as\u00ed como 2000 especies de plantas y 400 especies de \u00e1rboles. Hay tambi\u00e9n una muy amplia variedad de vida silvestre. Es el \u00e1rea m\u00e1s importante de toda la mitad occidental del Caribe, para el desove de la tortuga verde<\/p>\n<p><strong>D\u00cdA\u00a0 4.- TORTUGUERO (CARIBE NORTE)<\/strong>.-<\/p>\n<p>D\u00eda para disfrutar de los tour programados por Los Canales, y rel\u00e1jese en la piscina del hotel. Hospedaje en el Hotel Laguna Lodge o alguno similar dependiendo de la disponibilidad en los hoteles. (D) (A) (C)<\/p>\n<p><strong>D\u00cdA\u00a0 5.- TORTUGUERO\/VOLC\u00c1N\u00a0ARENAL<\/strong>.<\/p>\n<p>Despu\u00e9s de desayunar salida del hotel para tomar el traslado en bote y luego por tierra hasta el punto de encuentro y lugar para su almuerzo, Restaurante Selva Tropical, despu\u00e9s del almuerzo su chofer regular tur\u00edstico les trasladara a su siguiente destino, el Parque Nacional Volc\u00e1n Arena. Hospedaje en el Hotel La Pradera. Acomodados en Bungalow con vista al volc\u00e1n (D) (A)<\/p>\n<p><strong>D\u00cdA 6.- VOLC\u00c1N\u00a0ARENAL<\/strong><\/p>\n<p>Hospedaje en el Hotel La Pradera. Acomodados en Bungalow con vista al volc\u00e1n (D) (C)<\/p>\n<p>8.00 hrs disfrutar\u00e1n de un tour de Canopy: Sin duda alguna, el canopy en el \u00e1rea de Arenal es una de las actividades m\u00e1s atractivas y excitantes que usted podr\u00e1 disfrutar. Este consiste en cruzar de un \u00e1rbol a otro por medio de un cable haciendo todo el recorrido por las copas del bosque lluvioso. Es una combinaci\u00f3n perfecta de adrenalina, aventura y naturaleza, que junto con los hermosos paisajes de la zona, har\u00e1n de este tour, una experiencia inolvidable.<\/p>\n<p>La excursi\u00f3n da inicio con una peque\u00f1a charla acerca del equipo que usted utilizar\u00e1, adem\u00e1s de otras indicaciones por parte del gu\u00eda, para darle confianza y hacerlo re\u00edr un poco.<\/p>\n<p>El canopy tour consta de 11 cables y 12 plataformas, lo que le permite explorar el bosque desde un punto de vista inigualable. Disfrute del panorama de los bosques, r\u00edos y volcanes, mientras se desplaza\u00a0 a trav\u00e9s del\u00a0 magn\u00edfico bosque primario.<\/p>\n<p>Las dos horas de tour, que cuenta con m\u00e1s de 2 kil\u00f3metros de cables, son ideales para cualquier edad. El equipo utilizado es \u00fanicamente de primera calidad y con una m\u00e1xima seguridad debidamente probado, para que usted disfrute al m\u00e1ximo su experiencia. Es una experiencia que recordar\u00e1 por siempre.<\/p>\n<p>CONSEJOS:<\/p>\n<ul>\n<li>Vestir preferiblemente pantal\u00f3n.<\/li>\n<li>Llevar zapatos cerrados o sandalias con amarre.<\/li>\n<li>No recargarse de art\u00edculos innecesarios.<\/li>\n<\/ul>\n<p>15.00 hrs Tendr\u00e1 una caminata guiada al volc\u00e1n<\/p>\n<p>El tour del Volc\u00e1n Arenal El tour comienza con una caminata muy informativa acerca de la actividad actual del volc\u00e1n, se les llevar\u00e1 a los clientes rumbo a la parte noroeste del volc\u00e1n. Durante la caminata podr\u00e1n disfrutar de la gran riqueza de flora y fauna que ofrece la zona y podr\u00e1n adem\u00e1s ver y caminar sobre las magn\u00edficas coladas de lava de erupciones pasadas. El gu\u00eda les explicar\u00e1 sobre la vulcanolog\u00eda y la historia evolutiva de este gran coloso. Desde este lugar y desde un mirador podr\u00e1n admirar el atardecer y las hermosas vistas al lago y al volc\u00e1n. El tour finaliza con una parada en las aguas termales donde podr\u00e1 relajarse por un rato y luego tendr\u00e1n una deliciosa y completa cena<\/p>\n<p>Incluye: Transporte, gu\u00eda biling\u00fce naturalista, entrada al Parque Nacional, entrada a las aguas termales y cena incluida<\/p>\n<p>Que llevar: Ropa c\u00f3moda, traje de ba\u00f1o, c\u00e1mara, repelente y zapatos c\u00f3modos para caminatas.<\/p>\n<p><strong>D\u00cdA 7.- VOLC\u00c1N\u00a0ARENAL \/ PLAYAS DE GUANACASTE-<\/strong><\/p>\n<p>Despu\u00e9s de desayunar salida del hotel por medio de su chofer regular tur\u00edstico rumbo a la hermosa playa Pan de Az\u00facar, con 4 1\/2 horas de recorrido aproximadamente. Hospedaje en el Hotel Sugar Beach. Acomodados en Deluxe con vista al Mar (D)<\/p>\n<p><strong>D\u00cdA 8.- PLAYAS DE GUANACASTE-<\/strong><\/p>\n<p>Hospedaje en el Hotel Sugar Beach. Acomodados en Deluxe con vista al Mar (D)<\/p>\n<p><strong>\u00a0<\/strong><\/p>\n<p><strong>D\u00cdA 9.- PLAYAS DE GUANACASTE \/SAN JOS\u00c9.-<\/strong><\/p>\n<p>Salida del Hotel a la hora requerida, su chofer les estar\u00e1 recogiendo en el Lobby de su hotel para regresar a San Jos\u00e9, con 5 horas de recorrido. Hospedaje en el Hotel Palma Real. (D)<\/p>\n<p><strong>D\u00cdA 10.- REGRESO A SU PA\u00cdS DE ORIGEN Y FIN DE UNAS INOLVIDABLES VACACIONES.-<\/strong><\/p>\n<p>A la hora requerida salida del hotel y con su desayuno incluido, su chofer le estar\u00e1 recogiendo en\u00a0 la recepci\u00f3n de su hotel para luego transportarle al Aeropuerto Internacional, para que puedan tomar su vuelo de regreso\u00a0 (D)<\/p>\n<p><strong>DETALLES DEL PAQUETE<\/strong><\/p>\n<p><strong>LO QUE ESTA INCLUIDO:<\/strong><\/p>\n<p>9 Noches de hospedaje:<\/p>\n<p>2 Noches en San Jos\u00e9 Hotel KC San Jos\u00e9 (Habitaci\u00f3n tipo standard)<\/p>\n<p>2 noches en el Parque Nacional Tortuguero Laguna Lodge (Habitaci\u00f3n tipo standard)<\/p>\n<p>2 noches en el Volc\u00e1n Arenal Hotel La Pradera (Habitaci\u00f3n tipo Bungalow)<\/p>\n<p>2 noches en Playas de Guanacaste Hotel Sugar Beach (Habitaci\u00f3n tipo Deluxe)<\/p>\n<p>1 Noche en San Jos\u00e9 Hotel KC San Jos\u00e9 (Habitaci\u00f3n tipo standard)<\/p>\n<p><strong>ADEMAS:<\/strong><\/p>\n<p>Impuestos<\/p>\n<p>Traslado Privado Aeropuerto-Hotel-Aeropuerto<\/p>\n<p>Alimentaci\u00f3n donde se indica: Desayuno (D), Almuerzo (A) y Cena (C)<\/p>\n<p>Traslados Regulares tur\u00edsticos entre destinos<\/p>\n<p>COMBO TOUR (Doka, Volc\u00e1n Po\u00e1s &amp; Cataratas La Paz)<\/p>\n<p>Transporte v\u00eda mini-bus, y lancha de r\u00edo de San Jos\u00e9 a Laguna Lodge en el Parque Nacional Tortuguero<\/p>\n<p>Tours programados en los canales en Tortuguero<\/p>\n<p>Canopy Tour en Arenal<\/p>\n<p>Caminata guiada al Volc\u00e1n Arenal<\/p>\n<p>Entrada a las Aguas termales con cena incluida<\/p>\n<p><strong>LO QUE NO ESTA INCLUIDO:<\/strong><\/p>\n<p>Impuestos de salida ($29.00 por persona) (Obligatorio y pagados en el Aeropuerto Internacional)<\/p>\n<p>Gastos personales como; bebidas, llamadas telef\u00f3nicas, lavander\u00eda, etc.<\/p>\n<p>Propinas para ch\u00f3feres y\/o gu\u00edas.<\/p>\n<p>Entrada al Parque Nac. Tortuguero $ 12,00 p\/p (Obligatorio)<\/p>\n<p>Vuelos internacionales[\/vc_column_text][\/vc_column][vc_column width=\u00bb1\/2&#8243;][vc_single_image image=\u00bb1855&#8243; img_size=\u00bb415&#215;277&#8243;][vc_empty_space height=\u00bb62px\u00bb][vc_single_image image=\u00bb3013&#8243; img_size=\u00bb415&#215;277&#8243;][vc_empty_space height=\u00bb62px\u00bb][vc_single_image image=\u00bb2977&#8243; img_size=\u00bb415&#215;277&#8243;][vc_empty_space height=\u00bb62px\u00bb][vc_single_image image=\u00bb2995&#8243; img_size=\u00bb415&#215;277&#8243;][vc_empty_space height=\u00bb62px\u00bb][vc_single_image image=\u00bb2994&#8243; img_size=\u00bb415&#215;277&#8243;][vc_empty_space height=\u00bb62px\u00bb][vc_single_image image=\u00bb2905&#8243; img_size=\u00bb415&#215;277&#8243;][vc_empty_space height=\u00bb62px\u00bb][vc_single_image image=\u00bb2859&#8243; img_size=\u00bb415&#215;277&#8243;][vc_empty_space height=\u00bb62px\u00bb][vc_single_image image=\u00bb2868&#8243; img_size=\u00bb415&#215;277&#8243;][vc_empty_space height=\u00bb62px\u00bb][vc_single_image image=\u00bb3015&#8243; img_size=\u00bb415&#215;277&#8243;][vc_empty_space height=\u00bb62px\u00bb][vc_single_image image=\u00bb2987&#8243; img_size=\u00bb415&#215;277&#8243;][vc_empty_space height=\u00bb202px\u00bb][vc_btn title=\u00bbReserve aqu\u00ed&#8230;\u00bb style=\u00bbflat\u00bb shape=\u00bbsquare\u00bb color=\u00bbgreen\u00bb size=\u00bblg\u00bb align=\u00bbcenter\u00bb link=\u00bburl:http%3A%2F%2Fnew.costaricanaturaltours.com%2Fcontacto%2F||\u00bb][\/vc_column][\/vc_row]<\/p>","protected":false},"excerpt":{"rendered":"<p>[vc_row][vc_column width=\u00bb1\/2&#8243;][vc_column_text]D\u00cdA 1.- AEROPUERTO SAN JOS\u00c9.- HOTEL SAN JOS\u00c9 Llegada a Costa Rica, al Aeropuerto Internacional Juan Santamar\u00eda, ubicado en la ciudad de Alajuela, muy cerca de la capital, San Jos\u00e9, a tan solo 25 minutos. Despu\u00e9s de recoger su equipaje y pasar por migraci\u00f3n, nuestro\u00a0chofer le estar\u00e1 esperando fuera de la puerta principal del&hellip;<\/p>\n","protected":false},"author":3,"featured_media":0,"parent":0,"menu_order":0,"comment_status":"closed","ping_status":"closed","template":"","meta":{"_acf_changed":false,"footnotes":""},"class_list":["post-3044","page","type-page","status-publish","hentry"],"acf":[],"_links":{"self":[{"href":"https:\/\/new.costaricanaturaltours.com\/es\/wp-json\/wp\/v2\/pages\/3044","targetHints":{"allow":["GET"]}}],"collection":[{"href":"https:\/\/new.costaricanaturaltours.com\/es\/wp-json\/wp\/v2\/pages"}],"about":[{"href":"https:\/\/new.costaricanaturaltours.com\/es\/wp-json\/wp\/v2\/types\/page"}],"author":[{"embeddable":true,"href":"https:\/\/new.costaricanaturaltours.com\/es\/wp-json\/wp\/v2\/users\/3"}],"replies":[{"embeddable":true,"href":"https:\/\/new.costaricanaturaltours.com\/es\/wp-json\/wp\/v2\/comments?post=3044"}],"version-history":[{"count":10,"href":"https:\/\/new.costaricanaturaltours.com\/es\/wp-json\/wp\/v2\/pages\/3044\/revisions"}],"predecessor-version":[{"id":3205,"href":"https:\/\/new.costaricanaturaltours.com\/es\/wp-json\/wp\/v2\/pages\/3044\/revisions\/3205"}],"wp:attachment":[{"href":"https:\/\/new.costaricanaturaltours.com\/es\/wp-json\/wp\/v2\/media?parent=3044"}],"curies":[{"name":"wp","href":"https:\/\/api.w.org\/{rel}","templated":true}]}}