{"id":3049,"date":"2017-02-08T13:08:40","date_gmt":"2017-02-08T13:08:40","guid":{"rendered":"http:\/\/new.costaricanaturaltours.com\/es\/?page_id=3049"},"modified":"2017-02-15T23:34:56","modified_gmt":"2017-02-15T23:34:56","slug":"espanol-costa-rica-pura-vida","status":"publish","type":"page","link":"https:\/\/new.costaricanaturaltours.com\/es\/espanol-costa-rica-pura-vida\/","title":{"rendered":"Costa Rica Pura Vida"},"content":{"rendered":"<p>[vc_row][vc_column width=\u00bb1\/2&#8243;][vc_column_text]<strong>D\u00cdA 1.- AEROPUERTO SAN JOS\u00c9.- HOTEL SAN JOS\u00c9<\/strong><br \/>\nLlegada a Costa Rica, al Aeropuerto Internacional Juan Santamar\u00eda, ubicado en la ciudad de Alajuela, muy cerca de la capital, San Jos\u00e9, a tan solo 25 minutos. Despu\u00e9s de recoger su equipaje y pasar por migraci\u00f3n, nuestro\u00a0chofer le estar\u00e1 esperando fuera de la puerta principal del Aeropuerto, \u00e9l tendr\u00e1 un r\u00f3tulo con su nombre, para luego trasladarle hacia su hotel en San Jos\u00e9, este traslado privado tiene una duraci\u00f3n aproximada de 25 minutos. Hospedaje en el Hotel <u>Seep Inn<\/u>. Acomodados en habitaci\u00f3n Standard.<\/p>\n<p><strong>D\u00cdA 2.- SAN JOS\u00c9\/TORTUGUERO<\/strong>.-\u00a0 <strong>(CARIBE NORTE)<\/strong><\/p>\n<p>Aproximadamente @ 6:30 AM. Su gu\u00eda los buscara en la recepci\u00f3n de su hotel, para salir por tierra y luego por lancha rumbo al Parque Nacional de Tortuguero, localizado en la Costa Atl\u00e1ntica. Hospedaje en el hotel <u>Mawamba Lodge<\/u> o alg\u00fan otro similar, dependiendo de la disponibilidad en los hoteles. Acomodados en\u00a0 habitaci\u00f3n Standard. (D) (A) (C)<\/p>\n<p>El Parque Nacional Tortuguero se encuentra en la costa del Caribe. Paraiso m\u00edstico&#8230; una red de maravillosos y esc\u00e9nicos canales navegables. Considerada una de las regiones m\u00e1s ricas en flora y fauna de Costa Rica. Tortuguero es una de las \u00e1reas m\u00e1s silvestres en Costa Rica, con la variedad biol\u00f3gica m\u00e1s grande. Once h\u00e1bitats han sido identificados, as\u00ed como 2000 especies de plantas y 400 especies de \u00e1rboles. Hay tambi\u00e9n una muy amplia variedad de vida silvestre. Es el \u00e1rea m\u00e1s importante de toda la mitad occidental del Caribe, para el desove de la tortuga verde<\/p>\n<p><strong>D\u00cdA\u00a0 3.- TORTUGUERO<\/strong>.-<strong> (CARIBE NORTE)<\/strong><\/p>\n<p>D\u00eda para disfrutar de los tour programados por Los Canales, y rel\u00e1jese en la piscina del hotel. Hospedaje en el Hotel <u>Mawamba Lodge<\/u> o alguno similar. (D) (A) (C)<\/p>\n<p><strong>D\u00cdA\u00a0 4.- TORTUGUERO\/PLAYAS DE PUERTO VIEJO (CARIBE SUR)<\/strong><\/p>\n<p>Despu\u00e9s de desayunar salida del hotel para tomar el traslado en bote y luego por tierra hasta el punto de encuentro y lugar para su almuerzo, Restaurante Selva Tropical, despu\u00e9s del almuerzo su chofer regular tur\u00edstico les trasladara a su siguiente destino con 2 1\/2 horas de recorrido. Disfrute de una de las mejores zonas del pa\u00eds, playas de la costa del Caribe Sur, esta zona se caracteriza por playas cubiertas de vegetaci\u00f3n y con uno de los mayores arrecifes coralinos.Hospedaje en el Hotel Azania Bungalows \u00f3 alguno similar. Acomodados en Bungalow. (D) (A)<\/p>\n<p><strong>D\u00cdA\u00a0 5.- PLAYAS DE PUERTO VIEJO (CARIBE SUR)<\/strong><\/p>\n<p>Hospedaje en el Hotel Azania Bungalows \u00f3 alguno similar. Acomodados en Bungalow. (D)<\/p>\n<p><strong>D\u00cdA 6.- PLAYAS DE PUERTO VIEJO (CARIBE SUR) \/ R\u00c1PIDOS DEL R\u00cdO PACUARE\/VOLC\u00c1N\u00a0ARENAL.-<\/strong><\/p>\n<p>Nuestro tour comienza cuando nuestras microbuses recogen a los aventureros en los principales hoteles del \u00e1rea metropolitana entre 6.00 a.m. y 7.00 a.m.<\/p>\n<p>Un desayuno muy costarricense ser\u00e1 tomado aproximadamente a las 8:00 a.m. Luego del desayuno nos dirigimos hacia el pueblo de Tres Equis de Turrialba, donde nuestros gu\u00edas especializados nos esperan con el equipo listo para iniciar la aventura.<\/p>\n<p>A cada participante se le entregar\u00e1 un chaleco salvavidas, un casco y un remo. Uno de los gu\u00edas dar\u00e1 una charla de seguridad y se har\u00e1 una peque\u00f1a pr\u00e1ctica antes de enfrentarnos a los r\u00e1pidos como Huacas, Cimarrones y Dos Monta\u00f1as.<\/p>\n<p>Pacuare est\u00e1 considerado como el r\u00edo m\u00e1s bello de Costa Rica y en el \u00e1mbito mundial como uno de los mejores para realizar la pr\u00e1ctica de los r\u00e1pidos, posee grandes bellezas esc\u00e9nicas, cascadas, cataratas, senderos y gran diversidad de flora y fauna. Tambi\u00e9n podr\u00e1 apreciar diferentes animales como mariposas morfos, perezosos, tucanes, ranas rojas y gran variedad de p\u00e1jaros.<\/p>\n<p>La naturaleza en su esplendor est\u00e1 presente en todo el recorrido.<\/p>\n<p>Su recorrido es de 18 millas aproximadamente y tiene una duraci\u00f3n de 3.5 horas. La edad m\u00ednima para realizar este tour es de 12 a\u00f1os.<\/p>\n<p>Una vez concluido el recorrido por el r\u00edo, podremos tomar una ducha o cambiarnos de ropa en las instalaciones que tenemos listas para nuestros clientes.\u00a0 Cuando estemos listos,\u00a0 nos dirigimos a disfrutar de un exquisito almuerzo.<\/p>\n<p>Se llegara a su hotel en Arenal aproximadamente a las 18.00 hrs<\/p>\n<p>Hospedaje en el <u>Hotel La Pradera<\/u>. Acomodados en Bungalow con vista al volc\u00e1n (D) (A)<\/p>\n<p><strong>D\u00cdA 7.- VOLC\u00c1N\u00a0ARENAL.-<\/strong><\/p>\n<p>Hospedaje en el <u>Hotel La Pradera<\/u>. Acomodados en Bungalow con vista al volc\u00e1n (D) (C)<\/p>\n<p>8.00 hrs tendr\u00e1n un tour de Canopy: Sin duda alguna, el canopy en el \u00e1rea de Arenal es una de las actividades m\u00e1s atractivas y excitantes que usted podr\u00e1 disfrutar. Este consiste en cruzar de un \u00e1rbol a otro por medio de un cable haciendo todo el recorrido por las copas del bosque lluvioso. Es una combinaci\u00f3n perfecta de adrenalina, aventura y naturaleza, que junto con los hermosos paisajes de la zona, har\u00e1n de este tour, una experiencia inolvidable.<\/p>\n<p>La excursi\u00f3n da inicio con una peque\u00f1a charla acerca del equipo que usted utilizar\u00e1, adem\u00e1s de otras indicaciones por parte del gu\u00eda, para darle confianza y hacerlo re\u00edr un poco.<\/p>\n<p>El canopy tour consta de 11 cables y 12 plataformas, lo que le permite explorar el bosque desde un punto de vista inigualable. Disfrute del panorama de los bosques, r\u00edos y volcanes, mientras se desplaza\u00a0 a trav\u00e9s del\u00a0 magn\u00edfico bosque primario.<\/p>\n<p>Las dos horas de tour, que cuenta con m\u00e1s de 2 kil\u00f3metros de cables, son ideales para cualquier edad. El equipo utilizado es \u00fanicamente de primera calidad y con una m\u00e1xima seguridad debidamente probado, para que usted disfrute al m\u00e1ximo su experiencia.<\/p>\n<p>Es una experiencia que recordar\u00e1 por siempre.<\/p>\n<p>CONSEJOS:<\/p>\n<ul>\n<li>Vestir preferiblemente pantal\u00f3n.<\/li>\n<li>Llevar zapatos cerrados o sandalias con amarre.<\/li>\n<li>No recargarse de art\u00edculos innecesarios.<\/li>\n<\/ul>\n<p>15.00 hrs Disfrutar\u00e1n de una caminata guiada al volc\u00e1n<\/p>\n<p>El tour del Volc\u00e1n Arenal El tour comienza con una caminata muy informativa acerca de la actividad actual del volc\u00e1n, se les llevar\u00e1 a los clientes rumbo a la parte noroeste del volc\u00e1n. Durante la caminata podr\u00e1n disfrutar de la gran riqueza de flora y fauna que ofrece la zona y podr\u00e1n adem\u00e1s ver y caminar sobre las magn\u00edficas coladas de lava de erupciones pasadas. El gu\u00eda les explicar\u00e1 sobre la vulcanolog\u00eda y la historia evolutiva de este gran coloso. Desde este lugar y desde un mirador podr\u00e1n admirar el atardecer y las hermosas vistas al lago y al volc\u00e1n. El tour finaliza con una parada en las aguas termales donde podr\u00e1 relajarse por un rato y luego tendr\u00e1n una deliciosa y completa cena<\/p>\n<p>Incluye: Transporte, gu\u00eda biling\u00fce naturalista, entrada al Parque Nacional, entrada a las aguas termales y cena incluida<\/p>\n<p>Que llevar: Ropa c\u00f3moda, traje de ba\u00f1o, c\u00e1mara, repelente y zapatos c\u00f3modos para caminatas.<\/p>\n<p><strong>D\u00cdA 8.- VOLC\u00c1N\u00a0ARENAL \/ PLAYAS DEL PARQUE NACIONAL\u00a0 MANUEL ANTONIO.-<\/strong><\/p>\n<p>A La hora indicada y con el desayuno incluido, salida\u00a0 rumbo a las playas del Parque Nacional de Manuel Antonio. Hospedaje en el hotel La Mansion. Acomodados en Deluxe con vista al mar (D)<\/p>\n<p>Manuel Antonio, este parque nacional est\u00e1 considerado como de los m\u00e1s bellos del pa\u00eds.<br \/>\nLa combinaci\u00f3n de una paradis\u00edaca playa de aguas cristalinas con bancos de coral, bordeada por una exuberante vegetaci\u00f3n y los encantos naturales del bosque tropical h\u00famedo. Sus playas se cuentan entre las mejores del pa\u00eds, donde el buceo y el surf son muy populares.<\/p>\n<p><strong>D\u00cdA 9.- PLAYAS DEL PARQUE NACIONAL\u00a0 MANUEL ANTONIO.-<\/strong><\/p>\n<p>Hospedaje en el hotel La Mansion. Acomodados en Deluxe con vista al mar. (D)<\/p>\n<p>7.00 hrs Tendr\u00e1n una Caminata guiada al Parque Nacional Manuel Antonio<\/p>\n<p>Deje que un experimentado gu\u00eda naturalista lo lleve a una instructiva caminata a trav\u00e9s del parque. Nuestros gu\u00edas saben d\u00f3nde es m\u00e1s com\u00fan ver los perezosos, monos, y dem\u00e1s animales; y le brindar\u00e1n mucha informaci\u00f3n\u00a0 durante las 2\u00a0 \u00bd horas de caminata. En el intermedio del tour en la tercera playa del parque, lo estar\u00e1 esperando\u00a0 un bufet de frutas y bebidas. Al finalizar el tour,\u00a0 tendr\u00e1 la opci\u00f3n de permanecer en el parque o de volver con nuestro gu\u00eda al Hotel. \u00a0El precio incluye el derecho de entrada.<\/p>\n<p><strong>D\u00cdA 10.- PLAYAS DEL PARQUE NACIONAL DE MANUEL ANTONIO \/ SAN JOS\u00c9.-<\/strong><\/p>\n<p>Salida del Hotel a la hora requerida, su chofer les estar\u00e1 recogiendo en el Lobby de su hotel para regresar a San Jos\u00e9, con 3 \u00bd\u00a0 horas de recorrido. Hospedaje en el Hotel Sleep Inn. (D)<\/p>\n<p><strong>D\u00cdA 11.- REGRESO A SU PA\u00cdS DE ORIGEN Y FIN DE UNA INOLVIDABLES VACACIONES.-<\/strong><\/p>\n<p>A la hora requerida salida del hotel y con su desayuno incluido, su chofer le estar\u00e1 recogiendo en\u00a0 la recepci\u00f3n de su hotel para luego transportarle al Aeropuerto Internacional, para que puedan tomar su vuelo de regreso\u00a0 (D)<\/p>\n<p><strong>DETALLES DEL PAQUETE<\/strong><\/p>\n<p><strong>LO QUE ESTA INCLUIDO:<\/strong><\/p>\n<p>10 Noches de hospedaje:<\/p>\n<p>1 Noche en San Jos\u00e9 Hotel Sleep Inn (Habitaci\u00f3n tipo standard)<\/p>\n<p>2 noches en el Parque Nacional Tortuguero Mawamba Lodge (Habitaci\u00f3n tipo standard)<\/p>\n<p>2 noches en Playas de Puerto Viejo Caribe Hotel Azania Bungalows (Habitaci\u00f3n tipo Bungalow)<\/p>\n<p>2 noches en el Volc\u00e1n Arenal Hotel La Pradera (Habitaci\u00f3n tipo Bungalow)<\/p>\n<p>2 noches en Playas del Parque Nac. Manuel Antonio Hotel La Mansion (Habitaci\u00f3n tipo Deluxe)<\/p>\n<p>1 Noche en San Jos\u00e9 Hotel Sleep Inn (Habitaci\u00f3n tipo standard)<\/p>\n<p>ADEMAS:<\/p>\n<p>Impuestos<\/p>\n<p>Traslado Privado Aeropuerto-Hotel-Aeropuerto<\/p>\n<p>Alimentaci\u00f3n donde se indica: Desayuno (D), Almuerzo (A) y Cena (C)<\/p>\n<p>Traslados Regulares tur\u00edsticos entre destinos<\/p>\n<p>Transporte v\u00eda mini-bus, y lancha de r\u00edo de San Jos\u00e9 a Laguna Lodge en el Parque Nacional Tortuguero<\/p>\n<p>Tours programados en los canales en Tortuguero<\/p>\n<p>Tour de r\u00e1pidos en el Pacuare<\/p>\n<p>Canopy Tour en Arenal<\/p>\n<p>Caminata guiada al Volc\u00e1n Arenal<\/p>\n<p>Entrada a las Aguas termales con cena incluida<\/p>\n<p>Caminata guiada al Parque Nacional Manuel Antonio<\/p>\n<p><strong>LO QUE NO ESTA INCLUIDO:<\/strong><\/p>\n<p>Impuestos de salida ($29.00 por persona) (Obligatorio y pagados en el Aeropuerto Internacional)<\/p>\n<p>Gastos personales como; bebidas, llamadas telef\u00f3nicas, lavander\u00eda, etc.<\/p>\n<p>Propinas para ch\u00f3feres y\/o gu\u00edas.<\/p>\n<p>Entrada al Parque Nac. Tortuguero $ 12,00 p\/p (Obligatorio)<\/p>\n<p>Vuelos internacionales[\/vc_column_text][\/vc_column][vc_column width=\u00bb1\/2&#8243;][vc_single_image image=\u00bb2899&#8243; img_size=\u00bb415&#215;277&#8243;][vc_empty_space height=\u00bb62px\u00bb][vc_single_image image=\u00bb2900&#8243; img_size=\u00bb415&#215;277&#8243;][vc_empty_space height=\u00bb62px\u00bb][vc_single_image image=\u00bb2891&#8243; img_size=\u00bb415&#215;277&#8243;][vc_empty_space height=\u00bb62px\u00bb][vc_single_image image=\u00bb2897&#8243; img_size=\u00bb415&#215;277&#8243;][vc_empty_space height=\u00bb62px\u00bb][vc_single_image image=\u00bb2987&#8243; img_size=\u00bb415&#215;277&#8243;][vc_empty_space height=\u00bb62px\u00bb][vc_single_image image=\u00bb2995&#8243; img_size=\u00bb415&#215;277&#8243;][vc_empty_space height=\u00bb62px\u00bb][vc_single_image image=\u00bb3013&#8243; img_size=\u00bb415&#215;277&#8243;][vc_empty_space height=\u00bb62px\u00bb][vc_single_image image=\u00bb2949&#8243; img_size=\u00bb415&#215;277&#8243;][vc_empty_space height=\u00bb62px\u00bb][vc_single_image image=\u00bb2404&#8243; img_size=\u00bb415&#215;277&#8243;][vc_empty_space height=\u00bb62px\u00bb][vc_single_image image=\u00bb2373&#8243; img_size=\u00bb415&#215;277&#8243;][vc_empty_space height=\u00bb202px\u00bb][vc_btn title=\u00bbReservar Aqu\u00ed&#8230;\u00bb style=\u00bbflat\u00bb shape=\u00bbsquare\u00bb color=\u00bbgreen\u00bb size=\u00bblg\u00bb align=\u00bbcenter\u00bb link=\u00bburl:http%3A%2F%2Fnew.costaricanaturaltours.com%2Fes%2Fcontacto%2F||\u00bb][\/vc_column][\/vc_row]<\/p>","protected":false},"excerpt":{"rendered":"<p>[vc_row][vc_column width=\u00bb1\/2&#8243;][vc_column_text]D\u00cdA 1.- AEROPUERTO SAN JOS\u00c9.- HOTEL SAN JOS\u00c9 Llegada a Costa Rica, al Aeropuerto Internacional Juan Santamar\u00eda, ubicado en la ciudad de Alajuela, muy cerca de la capital, San Jos\u00e9, a tan solo 25 minutos. Despu\u00e9s de recoger su equipaje y pasar por migraci\u00f3n, nuestro\u00a0chofer le estar\u00e1 esperando fuera de la puerta principal del&hellip;<\/p>\n","protected":false},"author":3,"featured_media":0,"parent":0,"menu_order":0,"comment_status":"closed","ping_status":"closed","template":"","meta":{"_acf_changed":false,"footnotes":""},"class_list":["post-3049","page","type-page","status-publish","hentry"],"acf":[],"_links":{"self":[{"href":"https:\/\/new.costaricanaturaltours.com\/es\/wp-json\/wp\/v2\/pages\/3049","targetHints":{"allow":["GET"]}}],"collection":[{"href":"https:\/\/new.costaricanaturaltours.com\/es\/wp-json\/wp\/v2\/pages"}],"about":[{"href":"https:\/\/new.costaricanaturaltours.com\/es\/wp-json\/wp\/v2\/types\/page"}],"author":[{"embeddable":true,"href":"https:\/\/new.costaricanaturaltours.com\/es\/wp-json\/wp\/v2\/users\/3"}],"replies":[{"embeddable":true,"href":"https:\/\/new.costaricanaturaltours.com\/es\/wp-json\/wp\/v2\/comments?post=3049"}],"version-history":[{"count":9,"href":"https:\/\/new.costaricanaturaltours.com\/es\/wp-json\/wp\/v2\/pages\/3049\/revisions"}],"predecessor-version":[{"id":3211,"href":"https:\/\/new.costaricanaturaltours.com\/es\/wp-json\/wp\/v2\/pages\/3049\/revisions\/3211"}],"wp:attachment":[{"href":"https:\/\/new.costaricanaturaltours.com\/es\/wp-json\/wp\/v2\/media?parent=3049"}],"curies":[{"name":"wp","href":"https:\/\/api.w.org\/{rel}","templated":true}]}}