{"id":3423,"date":"2017-03-09T19:37:23","date_gmt":"2017-03-09T19:37:23","guid":{"rendered":"http:\/\/new.costaricanaturaltours.com\/es\/?page_id=3423"},"modified":"2024-07-02T10:33:01","modified_gmt":"2024-07-02T16:33:01","slug":"car-rental-reservation","status":"publish","type":"page","link":"https:\/\/new.costaricanaturaltours.com\/es\/car-rental-reservation\/","title":{"rendered":"Reservaci\u00f3n para Alquiler de Auto"},"content":{"rendered":"<p>[vc_row css=\u00bb.vc_custom_1493301437976{background-color: #ffffff !important;}\u00bb][vc_column width=\u00bb1\/4&#8243;][vc_column_text]<\/p>\n<p style=\"text-align: center;\"><span style=\"color: #ff6600;\"><strong>Formulario de Reservaci\u00f3n &#8211; Alquiler de Auto<\/strong><\/span><\/p>\n<p style=\"text-align: justify;\">Por favor, rellena y env\u00ede este formulario con el fin de garantizar su reservaci\u00f3n. Vamos a confirmar su reserva tan pronto como sea posible. Toda la informaci\u00f3n enviada se mantendr\u00e1 de forma confidencial.<\/p>\n<p>[\/vc_column_text][vc_empty_space][vc_empty_space][vc_empty_space][vc_single_image image=\u00bb6109&#8243; img_size=\u00bbmedium\u00bb alignment=\u00bbcenter\u00bb style=\u00bbvc_box_circle_2&#8243;][vc_empty_space][vc_single_image image=\u00bb6126&#8243; img_size=\u00bbmedium\u00bb alignment=\u00bbcenter\u00bb style=\u00bbvc_box_circle_2&#8243;][\/vc_column][vc_column width=\u00bb3\/4&#8243; css=\u00bb.vc_custom_1489089632772{background-color: #ffffff !important;}\u00bb][contact-form-7 id=\u00bb3429&#8243;][\/vc_column][\/vc_row]<\/p>","protected":false},"excerpt":{"rendered":"<p>[vc_row css=\u00bb.vc_custom_1493301437976{background-color: #ffffff !important;}\u00bb][vc_column width=\u00bb1\/4&#8243;][vc_column_text] Formulario de Reservaci\u00f3n &#8211; Alquiler de Auto Por favor, rellena y env\u00ede este formulario con el fin de garantizar su reservaci\u00f3n. Vamos a confirmar su reserva tan pronto como sea posible. Toda la informaci\u00f3n enviada se mantendr\u00e1 de forma confidencial. [\/vc_column_text][vc_empty_space][vc_empty_space][vc_empty_space][vc_single_image image=\u00bb6109&#8243; img_size=\u00bbmedium\u00bb alignment=\u00bbcenter\u00bb style=\u00bbvc_box_circle_2&#8243;][vc_empty_space][vc_single_image image=\u00bb6126&#8243; img_size=\u00bbmedium\u00bb alignment=\u00bbcenter\u00bb style=\u00bbvc_box_circle_2&#8243;][\/vc_column][vc_column width=\u00bb3\/4&#8243;&hellip;<\/p>\n","protected":false},"author":3,"featured_media":0,"parent":0,"menu_order":0,"comment_status":"closed","ping_status":"closed","template":"","meta":{"_acf_changed":false,"footnotes":""},"class_list":["post-3423","page","type-page","status-publish","hentry"],"acf":[],"_links":{"self":[{"href":"https:\/\/new.costaricanaturaltours.com\/es\/wp-json\/wp\/v2\/pages\/3423","targetHints":{"allow":["GET"]}}],"collection":[{"href":"https:\/\/new.costaricanaturaltours.com\/es\/wp-json\/wp\/v2\/pages"}],"about":[{"href":"https:\/\/new.costaricanaturaltours.com\/es\/wp-json\/wp\/v2\/types\/page"}],"author":[{"embeddable":true,"href":"https:\/\/new.costaricanaturaltours.com\/es\/wp-json\/wp\/v2\/users\/3"}],"replies":[{"embeddable":true,"href":"https:\/\/new.costaricanaturaltours.com\/es\/wp-json\/wp\/v2\/comments?post=3423"}],"version-history":[{"count":25,"href":"https:\/\/new.costaricanaturaltours.com\/es\/wp-json\/wp\/v2\/pages\/3423\/revisions"}],"predecessor-version":[{"id":12688,"href":"https:\/\/new.costaricanaturaltours.com\/es\/wp-json\/wp\/v2\/pages\/3423\/revisions\/12688"}],"wp:attachment":[{"href":"https:\/\/new.costaricanaturaltours.com\/es\/wp-json\/wp\/v2\/media?parent=3423"}],"curies":[{"name":"wp","href":"https:\/\/api.w.org\/{rel}","templated":true}]}}