{"id":3522,"date":"2017-03-14T14:27:43","date_gmt":"2017-03-14T14:27:43","guid":{"rendered":"http:\/\/new.costaricanaturaltours.com\/es\/?page_id=3522"},"modified":"2024-07-03T14:39:06","modified_gmt":"2024-07-03T20:39:06","slug":"air-transport","status":"publish","type":"page","link":"https:\/\/new.costaricanaturaltours.com\/es\/air-transport\/","title":{"rendered":"Transporte A\u00e9reo"},"content":{"rendered":"<p>[vc_row css=\u00bb.vc_custom_1493379109661{background-color: #ffffff !important;}\u00bb][vc_column width=\u00bb1\/4&#8243;][vc_empty_space][vc_column_text]<\/p>\n<p style=\"text-align: center;\"><span style=\"color: #ff6600;\"><strong>Formulario de Reservaci\u00f3n Vuelo local<\/strong><\/span><\/p>\n<p style=\"text-align: justify;\">Por favor, rellena y env\u00ede este formulario con el fin de garantizar su reservaci\u00f3n. Vamos a confirmar su reserva tan pronto como sea posible. Toda la informaci\u00f3n enviada se mantendr\u00e1 de forma confidencial.<\/p>\n<p>[\/vc_column_text][vc_row_inner css=\u00bb.vc_custom_1489596303274{background-color: #ffffff !important;}\u00bb][vc_column_inner][vc_empty_space][vc_single_image image=\u00bb3515&#8243; img_size=\u00bb415&#215;277&#8243; style=\u00bbvc_box_circle_2&#8243; onclick=\u00bblink_image\u00bb][vc_single_image image=\u00bb3509&#8243; img_size=\u00bb415&#215;277&#8243; style=\u00bbvc_box_circle_2&#8243; onclick=\u00bblink_image\u00bb][vc_single_image image=\u00bb3531&#8243; img_size=\u00bb415&#215;277&#8243; style=\u00bbvc_box_circle_2&#8243; onclick=\u00bblink_image\u00bb][\/vc_column_inner][\/vc_row_inner][\/vc_column][vc_column width=\u00bb3\/4&#8243;][vc_empty_space][contact-form-7 id=\u00bb3525&#8243;][\/vc_column][\/vc_row]<\/p>","protected":false},"excerpt":{"rendered":"<p>[vc_row css=\u00bb.vc_custom_1493379109661{background-color: #ffffff !important;}\u00bb][vc_column width=\u00bb1\/4&#8243;][vc_empty_space][vc_column_text] Formulario de Reservaci\u00f3n Vuelo local Por favor, rellena y env\u00ede este formulario con el fin de garantizar su reservaci\u00f3n. Vamos a confirmar su reserva tan pronto como sea posible. Toda la informaci\u00f3n enviada se mantendr\u00e1 de forma confidencial. [\/vc_column_text][vc_row_inner css=\u00bb.vc_custom_1489596303274{background-color: #ffffff !important;}\u00bb][vc_column_inner][vc_empty_space][vc_single_image image=\u00bb3515&#8243; img_size=\u00bb415&#215;277&#8243; style=\u00bbvc_box_circle_2&#8243; onclick=\u00bblink_image\u00bb][vc_single_image image=\u00bb3509&#8243; img_size=\u00bb415&#215;277&#8243; style=\u00bbvc_box_circle_2&#8243; onclick=\u00bblink_image\u00bb][vc_single_image&hellip;<\/p>\n","protected":false},"author":3,"featured_media":0,"parent":0,"menu_order":0,"comment_status":"closed","ping_status":"closed","template":"","meta":{"_acf_changed":false,"footnotes":""},"class_list":["post-3522","page","type-page","status-publish","hentry"],"acf":[],"_links":{"self":[{"href":"https:\/\/new.costaricanaturaltours.com\/es\/wp-json\/wp\/v2\/pages\/3522","targetHints":{"allow":["GET"]}}],"collection":[{"href":"https:\/\/new.costaricanaturaltours.com\/es\/wp-json\/wp\/v2\/pages"}],"about":[{"href":"https:\/\/new.costaricanaturaltours.com\/es\/wp-json\/wp\/v2\/types\/page"}],"author":[{"embeddable":true,"href":"https:\/\/new.costaricanaturaltours.com\/es\/wp-json\/wp\/v2\/users\/3"}],"replies":[{"embeddable":true,"href":"https:\/\/new.costaricanaturaltours.com\/es\/wp-json\/wp\/v2\/comments?post=3522"}],"version-history":[{"count":29,"href":"https:\/\/new.costaricanaturaltours.com\/es\/wp-json\/wp\/v2\/pages\/3522\/revisions"}],"predecessor-version":[{"id":7442,"href":"https:\/\/new.costaricanaturaltours.com\/es\/wp-json\/wp\/v2\/pages\/3522\/revisions\/7442"}],"wp:attachment":[{"href":"https:\/\/new.costaricanaturaltours.com\/es\/wp-json\/wp\/v2\/media?parent=3522"}],"curies":[{"name":"wp","href":"https:\/\/api.w.org\/{rel}","templated":true}]}}