{"id":3683,"date":"2017-03-17T20:47:37","date_gmt":"2017-03-17T20:47:37","guid":{"rendered":"http:\/\/new.costaricanaturaltours.com\/es\/?page_id=3683"},"modified":"2024-07-03T19:42:40","modified_gmt":"2024-07-04T01:42:40","slug":"transport","status":"publish","type":"page","link":"https:\/\/new.costaricanaturaltours.com\/es\/transport\/","title":{"rendered":"Transporte"},"content":{"rendered":"<p>[vc_row][vc_column][vc_single_image image=\u00bb4190&#8243; img_size=\u00bbfull\u00bb css=\u00bb\u00bb][vc_empty_space][vc_custom_heading text=\u00bbTransporte en Costa Rica\u00bb font_container=\u00bbtag:h2|font_size:20|text_align:left|color:%23ff5400&#8243; use_theme_fonts=\u00bbyes\u00bb][vc_empty_space height=\u00bb20px\u00bb][vc_column_text css_animation=\u00bbnone\u00bb css=\u00bb\u00bb]<\/p>\n<p style=\"text-align: justify;\">En esta secci\u00f3n ponemos a su disposici\u00f3n una diversidad de opciones para el transporte a los destinos tur\u00edsticos m\u00e1s importantes de Costa Rica, cualquiera de las mismas est\u00e1 enfocada hacia nuestros clientes para hacer de su viaje una experiencia inolvidable. Nos comprometemos a ofrecer traslados confortables, confiables y seguros para su desplazamiento dentro del pa\u00eds.<\/p>\n<p style=\"text-align: center;\">Contamos con la siguiente selecci\u00f3n:<\/p>\n<p>[\/vc_column_text][vc_empty_space height=\u00bb92px\u00bb][\/vc_column][\/vc_row][vc_row][vc_column width=\u00bb1\/3&#8243; margin_bottom_class=\u00bbsmall\u00bb][vc_column_text css=\u00bb\u00bb]<\/p>\n<h3 style=\"text-align: center;\"><span style=\"color: #339966;\"><strong>Traslados Aeropuertos<\/strong><\/span><\/h3>\n<p>[\/vc_column_text][vc_single_image image=\u00bb3701&#8243; img_size=\u00bb300&#215;277&#8243; alignment=\u00bbcenter\u00bb style=\u00bbvc_box_outline_circle_2&#8243; border_color=\u00bbgreen\u00bb onclick=\u00bbcustom_link\u00bb css_animation=\u00bbnone\u00bb css=\u00bb\u00bb link=\u00bbhttp:\/\/new.costaricanaturaltours.com\/es\/airport-transfers\/\u00bb][\/vc_column][vc_column width=\u00bb1\/3&#8243; margin_bottom_class=\u00bbsmall\u00bb][vc_column_text css=\u00bb\u00bb]<\/p>\n<h3 style=\"text-align: center;\"><span style=\"color: #339966;\"><strong>Traslados Regulares<\/strong><\/span><\/h3>\n<p>[\/vc_column_text][vc_single_image image=\u00bb3823&#8243; img_size=\u00bb300&#215;277&#8243; alignment=\u00bbcenter\u00bb style=\u00bbvc_box_outline_circle_2&#8243; border_color=\u00bbgreen\u00bb onclick=\u00bbcustom_link\u00bb css_animation=\u00bbnone\u00bb css=\u00bb\u00bb link=\u00bbhttp:\/\/new.costaricanaturaltours.com\/es\/shuttles\/\u00bb][\/vc_column][vc_column width=\u00bb1\/3&#8243;][vc_column_text css=\u00bb\u00bb]<\/p>\n<h3 style=\"text-align: center;\"><strong><span style=\"color: #339966;\">Traslados Privados<\/span><\/strong><\/h3>\n<p>[\/vc_column_text][vc_single_image image=\u00bb3242&#8243; img_size=\u00bb300&#215;277&#8243; alignment=\u00bbcenter\u00bb style=\u00bbvc_box_outline_circle_2&#8243; border_color=\u00bbgreen\u00bb onclick=\u00bbcustom_link\u00bb css_animation=\u00bbnone\u00bb css=\u00bb\u00bb link=\u00bbhttp:\/\/new.costaricanaturaltours.com\/es\/private-transfers\/\u00bb][\/vc_column][\/vc_row][vc_row][vc_column width=\u00bb1\/2&#8243;][vc_column_text css=\u00bb\u00bb]<\/p>\n<h3 style=\"text-align: center;\"><span style=\"color: #339966;\"><strong>Vuelos Dom\u00e9sticos<\/strong><\/span><\/h3>\n<p>[\/vc_column_text][vc_single_image image=\u00bb3741&#8243; img_size=\u00bb300&#215;277&#8243; alignment=\u00bbcenter\u00bb style=\u00bbvc_box_outline_circle_2&#8243; border_color=\u00bbgreen\u00bb onclick=\u00bbcustom_link\u00bb css_animation=\u00bbnone\u00bb css=\u00bb\u00bb link=\u00bbhttp:\/\/new.costaricanaturaltours.com\/es\/domestic-flights\/\u00bb][\/vc_column][vc_column width=\u00bb1\/2&#8243;][vc_column_text css=\u00bb\u00bb]<\/p>\n<h3 style=\"text-align: center;\"><span style=\"color: #339966;\"><strong>Veh\u00edculos de Alquiler<\/strong><\/span><\/h3>\n<p>[\/vc_column_text][vc_single_image image=\u00bb3704&#8243; img_size=\u00bb300&#215;277&#8243; alignment=\u00bbcenter\u00bb style=\u00bbvc_box_outline_circle_2&#8243; border_color=\u00bbgreen\u00bb onclick=\u00bbcustom_link\u00bb css_animation=\u00bbnone\u00bb css=\u00bb\u00bb link=\u00bbhttp:\/\/new.costaricanaturaltours.com\/es\/car-rentals\/\u00bb][\/vc_column][\/vc_row][vc_row][vc_column][vc_empty_space height=\u00bb62px\u00bb][\/vc_column][\/vc_row][vc_row][vc_column][vc_single_image image=\u00bb9221&#8243; img_size=\u00bbfull\u00bb alignment=\u00bbcenter\u00bb onclick=\u00bbcustom_link\u00bb link=\u00bbhttp:\/\/new.costaricanaturaltours.com\/es\/itinerario-personalizado\/\u00bb][\/vc_column][\/vc_row]<\/p>","protected":false},"excerpt":{"rendered":"<p>[vc_row][vc_column][vc_single_image image=\u00bb4190&#8243; img_size=\u00bbfull\u00bb css=\u00bb\u00bb][vc_empty_space][vc_custom_heading text=\u00bbTransporte en Costa Rica\u00bb font_container=\u00bbtag:h2|font_size:20|text_align:left|color:%23ff5400&#8243; use_theme_fonts=\u00bbyes\u00bb][vc_empty_space height=\u00bb20px\u00bb][vc_column_text css_animation=\u00bbnone\u00bb css=\u00bb\u00bb] En esta secci\u00f3n ponemos a su disposici\u00f3n una diversidad de opciones para el transporte a los destinos tur\u00edsticos m\u00e1s importantes de Costa Rica, cualquiera de las mismas est\u00e1 enfocada hacia nuestros clientes para hacer de su viaje una experiencia inolvidable. Nos comprometemos&hellip;<\/p>\n","protected":false},"author":3,"featured_media":0,"parent":0,"menu_order":0,"comment_status":"closed","ping_status":"closed","template":"","meta":{"_acf_changed":false,"footnotes":""},"class_list":["post-3683","page","type-page","status-publish","hentry"],"acf":[],"_links":{"self":[{"href":"https:\/\/new.costaricanaturaltours.com\/es\/wp-json\/wp\/v2\/pages\/3683","targetHints":{"allow":["GET"]}}],"collection":[{"href":"https:\/\/new.costaricanaturaltours.com\/es\/wp-json\/wp\/v2\/pages"}],"about":[{"href":"https:\/\/new.costaricanaturaltours.com\/es\/wp-json\/wp\/v2\/types\/page"}],"author":[{"embeddable":true,"href":"https:\/\/new.costaricanaturaltours.com\/es\/wp-json\/wp\/v2\/users\/3"}],"replies":[{"embeddable":true,"href":"https:\/\/new.costaricanaturaltours.com\/es\/wp-json\/wp\/v2\/comments?post=3683"}],"version-history":[{"count":133,"href":"https:\/\/new.costaricanaturaltours.com\/es\/wp-json\/wp\/v2\/pages\/3683\/revisions"}],"predecessor-version":[{"id":12733,"href":"https:\/\/new.costaricanaturaltours.com\/es\/wp-json\/wp\/v2\/pages\/3683\/revisions\/12733"}],"wp:attachment":[{"href":"https:\/\/new.costaricanaturaltours.com\/es\/wp-json\/wp\/v2\/media?parent=3683"}],"curies":[{"name":"wp","href":"https:\/\/api.w.org\/{rel}","templated":true}]}}