{"id":3688,"date":"2017-03-17T21:07:48","date_gmt":"2017-03-17T21:07:48","guid":{"rendered":"http:\/\/new.costaricanaturaltours.com\/es\/?page_id=3688"},"modified":"2024-07-01T18:48:13","modified_gmt":"2024-07-02T00:48:13","slug":"private-transfers","status":"publish","type":"page","link":"https:\/\/new.costaricanaturaltours.com\/es\/private-transfers\/","title":{"rendered":"Traslados Privados"},"content":{"rendered":"<p>[vc_row][vc_column][vc_single_image image=\u00bb4348&#8243; img_size=\u00bbfull\u00bb alignment=\u00bbcenter\u00bb onclick=\u00bblink_image\u00bb][\/vc_column][\/vc_row][vc_row][vc_column][vc_column_text]<span style=\"color: #00ccff;\"><strong>Servicio De Traslados Privados<\/strong><\/span><\/p>\n<p>&nbsp;<\/p>\n<p style=\"text-align: justify;\">El servicio de transporte privado le ofrece una manera r\u00e1pida y confortable de viajar dentro del pa\u00eds con la comodidad y calidad que usted se merece. Ponemos a su disposici\u00f3n modernos y confortables microbuses con capacidad para 9, 18 y 26 pasajeros, cada una de nuestras unidades de transporte est\u00e1 equipada con c\u00f3modos asientos, aire acondicionado y un amplio porta maletero.\u00a0 Los mismos se encuentran debidamente registrados y autorizados ante los entes estatales y privados que regulan las actividades tur\u00edsticas en Costa Rica.<\/p>\n<p style=\"text-align: justify;\">Nuestros conductores cuentan con una larga experiencia en carreteras, ellos le conducir\u00e1n con seguridad a los diferentes atractivos tur\u00edsticos de su elecci\u00f3n. Sin ning\u00fan inconveniente podemos recogerles en su hotel o en la entrada principal del Aeropuerto Internacional y llevarle directamente a su destino deseado.<\/p>\n<p style=\"text-align: justify;\">Este tipo de transporte le permite total privacidad para poder relajarse y llegar a su destino sin tener que conducir, se puede programar desde cualquier lugar del pa\u00eds y en cualquier momento, le proporciona flexibilidad para establecer sus propios horarios de salida y adem\u00e1s podr\u00e1 realizar las paradas de inter\u00e9s no programadas durante el trayecto, lo que le permitir\u00e1 un mayor aprovechamiento de su recorrido entre cada destino tur\u00edstico.<\/p>\n<p style=\"text-align: justify;\">Le invitamos a vivir una experiencia inolvidable viajando por Costa Rica, reserve con nosotros todos sus traslados hacia cualquier parte del pa\u00eds, ya sea que usted viaje junto a su pareja, amigos, familia o en solitario.<\/p>\n<p>[\/vc_column_text][\/vc_column][\/vc_row][vc_row][vc_column][vc_empty_space height=\u00bb92px\u00bb][\/vc_column][\/vc_row][vc_row][vc_column][vc_cta h2=\u00bb\u00bfNecesita transporte privado?\u00bb h4=\u00bb Nosotros le ayudamos en cualquier parte de Costa Rica\u2026\u00bb el_width=\u00bbmd\u00bb add_button=\u00bbright\u00bb btn_title=\u00bbCont\u00e1ctenos\u00bb btn_color=\u00bbwarning\u00bb use_custom_fonts_h2=\u00bbtrue\u00bb btn_link=\u00bburl:%20http%3A%2F%2Fnew.costaricanaturaltours.com%2Fes%2Fcontacto%2F||\u00bb][\/vc_cta][\/vc_column][\/vc_row][vc_row][vc_column][vc_single_image image=\u00bb9221&#8243; img_size=\u00bbfull\u00bb alignment=\u00bbcenter\u00bb onclick=\u00bbcustom_link\u00bb link=\u00bbhttp:\/\/new.costaricanaturaltours.com\/es\/itinerario-personalizado\/\u00bb][\/vc_column][\/vc_row]<\/p>","protected":false},"excerpt":{"rendered":"<p>[vc_row][vc_column][vc_single_image image=\u00bb4348&#8243; img_size=\u00bbfull\u00bb alignment=\u00bbcenter\u00bb onclick=\u00bblink_image\u00bb][\/vc_column][\/vc_row][vc_row][vc_column][vc_column_text]Servicio De Traslados Privados &nbsp; El servicio de transporte privado le ofrece una manera r\u00e1pida y confortable de viajar dentro del pa\u00eds con la comodidad y calidad que usted se merece. Ponemos a su disposici\u00f3n modernos y confortables microbuses con capacidad para 9, 18 y 26 pasajeros, cada una de nuestras&hellip;<\/p>\n","protected":false},"author":3,"featured_media":0,"parent":0,"menu_order":0,"comment_status":"closed","ping_status":"closed","template":"","meta":{"_acf_changed":false,"footnotes":""},"class_list":["post-3688","page","type-page","status-publish","hentry"],"acf":[],"_links":{"self":[{"href":"https:\/\/new.costaricanaturaltours.com\/es\/wp-json\/wp\/v2\/pages\/3688","targetHints":{"allow":["GET"]}}],"collection":[{"href":"https:\/\/new.costaricanaturaltours.com\/es\/wp-json\/wp\/v2\/pages"}],"about":[{"href":"https:\/\/new.costaricanaturaltours.com\/es\/wp-json\/wp\/v2\/types\/page"}],"author":[{"embeddable":true,"href":"https:\/\/new.costaricanaturaltours.com\/es\/wp-json\/wp\/v2\/users\/3"}],"replies":[{"embeddable":true,"href":"https:\/\/new.costaricanaturaltours.com\/es\/wp-json\/wp\/v2\/comments?post=3688"}],"version-history":[{"count":21,"href":"https:\/\/new.costaricanaturaltours.com\/es\/wp-json\/wp\/v2\/pages\/3688\/revisions"}],"predecessor-version":[{"id":9247,"href":"https:\/\/new.costaricanaturaltours.com\/es\/wp-json\/wp\/v2\/pages\/3688\/revisions\/9247"}],"wp:attachment":[{"href":"https:\/\/new.costaricanaturaltours.com\/es\/wp-json\/wp\/v2\/media?parent=3688"}],"curies":[{"name":"wp","href":"https:\/\/api.w.org\/{rel}","templated":true}]}}