{"id":3692,"date":"2017-03-17T21:18:32","date_gmt":"2017-03-17T21:18:32","guid":{"rendered":"http:\/\/new.costaricanaturaltours.com\/es\/?page_id=3692"},"modified":"2024-07-03T15:02:05","modified_gmt":"2024-07-03T21:02:05","slug":"airport-transfers","status":"publish","type":"page","link":"https:\/\/new.costaricanaturaltours.com\/es\/airport-transfers\/","title":{"rendered":"Traslados Aeropuertos"},"content":{"rendered":"<p>[vc_row][vc_column][vc_single_image image=\u00bb4353&#8243; img_size=\u00bbfull\u00bb alignment=\u00bbcenter\u00bb][\/vc_column][\/vc_row][vc_row][vc_column][vc_column_text]<\/p>\n<p style=\"text-align: justify;\"><span style=\"color: #00ccff;\"><strong>Servicio de traslado desde y hacia el Aeropuerto<\/strong><\/span><\/p>\n<p style=\"text-align: justify;\">El\u00a0mismo\u00a0es\u00a0un servicio privado, personalizado y est\u00e1 disponible 24&#215;7,\u00a0 adem\u00e1s es la forma m\u00e1s f\u00e1cil y rentable de movilizarse\u00a0desde\u00a0el aeropuerto a su\u00a0hotel en Costa Rica.<\/p>\n<p style=\"text-align: justify;\">El pa\u00eds\u00a0cuenta con\u00a02 aeropuertos internacionales, el m\u00e1s importante es el Juan Santamar\u00eda (SJO) a minutos\u00a0de\u00a0San Jos\u00e9, la capital. El otro es el Daniel Oduber (LIR) en Liberia, Guanacaste,\u00a0cerca\u00a0de las playas m\u00e1s hermosas.<\/p>\n<p style=\"text-align: justify;\">Para reservar con nosotros su\u00a0traslado desde y hacia el Aeropuerto\u00a0el pasajero nos deber\u00e1 indicar el nombre de la l\u00ednea a\u00e9rea as\u00ed como el n\u00famero de vuelo y la hora de aterrizaje. Un representante de nuestra agencia lo\u00a0estar\u00e1 esperando a\u00a0la salida de arribos\u00a0internacionales\u00a0debidamente identificado y con un cartel con el nombre del pasajero. Es necesario reservar este servicio con anticipaci\u00f3n.<\/p>\n<p style=\"text-align: justify;\">Por favor cont\u00e1ctenos para solicitar una cotizaci\u00f3n o conocer m\u00e1s detalles.<\/p>\n<p>[\/vc_column_text][\/vc_column][\/vc_row][vc_row][vc_column][vc_empty_space height=\u00bb62px\u00bb][\/vc_column][\/vc_row][vc_row][vc_column][vc_cta h2=\u00bb\u00bfNecesita servicio de transporte desde o hacia el aeropuerto en Costa Rica?\u00bb h2_font_container=\u00bbtag:h2|text_align:left\u00bb h4=\u00bbNosotros le ayudaremos\u2026\u00bb el_width=\u00bbmd\u00bb add_button=\u00bbright\u00bb btn_title=\u00bbCont\u00e1ctenos\u00bb btn_color=\u00bbwarning\u00bb css=\u00bb\u00bb use_custom_fonts_h2=\u00bbtrue\u00bb btn_link=\u00bburl:http%3A%2F%2Fnew.costaricanaturaltours.com%2Fes%2Fcontact-us%2F\u00bb][\/vc_cta][vc_empty_space height=\u00bb62px\u00bb][\/vc_column][\/vc_row][vc_row][vc_column][vc_single_image image=\u00bb9221&#8243; img_size=\u00bbfull\u00bb alignment=\u00bbcenter\u00bb onclick=\u00bbcustom_link\u00bb link=\u00bbhttp:\/\/new.costaricanaturaltours.com\/es\/itinerario-personalizado\/\u00bb][\/vc_column][\/vc_row]<\/p>","protected":false},"excerpt":{"rendered":"<p>[vc_row][vc_column][vc_single_image image=\u00bb4353&#8243; img_size=\u00bbfull\u00bb alignment=\u00bbcenter\u00bb][\/vc_column][\/vc_row][vc_row][vc_column][vc_column_text] Servicio de traslado desde y hacia el Aeropuerto El\u00a0mismo\u00a0es\u00a0un servicio privado, personalizado y est\u00e1 disponible 24&#215;7,\u00a0 adem\u00e1s es la forma m\u00e1s f\u00e1cil y rentable de movilizarse\u00a0desde\u00a0el aeropuerto a su\u00a0hotel en Costa Rica. El pa\u00eds\u00a0cuenta con\u00a02 aeropuertos internacionales, el m\u00e1s importante es el Juan Santamar\u00eda (SJO) a minutos\u00a0de\u00a0San Jos\u00e9, la capital. El&hellip;<\/p>\n","protected":false},"author":3,"featured_media":0,"parent":0,"menu_order":0,"comment_status":"closed","ping_status":"closed","template":"","meta":{"_acf_changed":false,"footnotes":""},"class_list":["post-3692","page","type-page","status-publish","hentry"],"acf":[],"_links":{"self":[{"href":"https:\/\/new.costaricanaturaltours.com\/es\/wp-json\/wp\/v2\/pages\/3692","targetHints":{"allow":["GET"]}}],"collection":[{"href":"https:\/\/new.costaricanaturaltours.com\/es\/wp-json\/wp\/v2\/pages"}],"about":[{"href":"https:\/\/new.costaricanaturaltours.com\/es\/wp-json\/wp\/v2\/types\/page"}],"author":[{"embeddable":true,"href":"https:\/\/new.costaricanaturaltours.com\/es\/wp-json\/wp\/v2\/users\/3"}],"replies":[{"embeddable":true,"href":"https:\/\/new.costaricanaturaltours.com\/es\/wp-json\/wp\/v2\/comments?post=3692"}],"version-history":[{"count":44,"href":"https:\/\/new.costaricanaturaltours.com\/es\/wp-json\/wp\/v2\/pages\/3692\/revisions"}],"predecessor-version":[{"id":12707,"href":"https:\/\/new.costaricanaturaltours.com\/es\/wp-json\/wp\/v2\/pages\/3692\/revisions\/12707"}],"wp:attachment":[{"href":"https:\/\/new.costaricanaturaltours.com\/es\/wp-json\/wp\/v2\/media?parent=3692"}],"curies":[{"name":"wp","href":"https:\/\/api.w.org\/{rel}","templated":true}]}}