{"id":6986,"date":"2017-04-25T15:59:16","date_gmt":"2017-04-25T15:59:16","guid":{"rendered":"http:\/\/new.costaricanaturaltours.com\/es\/?page_id=6986"},"modified":"2024-06-27T11:19:05","modified_gmt":"2024-06-27T17:19:05","slug":"book-your-tour","status":"publish","type":"page","link":"https:\/\/new.costaricanaturaltours.com\/es\/book-your-tour\/","title":{"rendered":"Reserve su Tour"},"content":{"rendered":"<p>[vc_row css=\u00bb.vc_custom_1495829678052{background-color: #ffffff !important;}\u00bb][vc_column width=\u00bb1\/4&#8243;][vc_column_text]<\/p>\n<p style=\"text-align: center;\"><span style=\"color: #ff6600;\"><strong>Formulario de reservaci\u00f3n tour de un d\u00eda<\/strong><\/span><\/p>\n<p style=\"text-align: justify;\">Por favor, rellena y env\u00ede este formulario con el fin de garantizar su reservaci\u00f3n. Vamos a confirmar su reserva tan pronto como sea posible. Toda la informaci\u00f3n enviada se mantendr\u00e1 de forma confidencial.<\/p>\n<p>[\/vc_column_text][vc_empty_space][vc_single_image image=\u00bb6674&#8243; img_size=\u00bbfull\u00bb alignment=\u00bbcenter\u00bb style=\u00bbvc_box_circle_2&#8243;][vc_empty_space][vc_empty_space][vc_empty_space][vc_single_image image=\u00bb1843&#8243; img_size=\u00bbfull\u00bb alignment=\u00bbcenter\u00bb style=\u00bbvc_box_circle_2&#8243;][\/vc_column][vc_column width=\u00bb3\/4&#8243;][contact-form-7 id=\u00bb6985&#8243;][\/vc_column][\/vc_row]<\/p>","protected":false},"excerpt":{"rendered":"<p>[vc_row css=\u00bb.vc_custom_1495829678052{background-color: #ffffff !important;}\u00bb][vc_column width=\u00bb1\/4&#8243;][vc_column_text] Formulario de reservaci\u00f3n tour de un d\u00eda Por favor, rellena y env\u00ede este formulario con el fin de garantizar su reservaci\u00f3n. Vamos a confirmar su reserva tan pronto como sea posible. Toda la informaci\u00f3n enviada se mantendr\u00e1 de forma confidencial. [\/vc_column_text][vc_empty_space][vc_single_image image=\u00bb6674&#8243; img_size=\u00bbfull\u00bb alignment=\u00bbcenter\u00bb style=\u00bbvc_box_circle_2&#8243;][vc_empty_space][vc_empty_space][vc_empty_space][vc_single_image image=\u00bb1843&#8243; img_size=\u00bbfull\u00bb alignment=\u00bbcenter\u00bb style=\u00bbvc_box_circle_2&#8243;][\/vc_column][vc_column width=\u00bb3\/4&#8243;][contact-form-7&hellip;<\/p>\n","protected":false},"author":3,"featured_media":0,"parent":0,"menu_order":0,"comment_status":"closed","ping_status":"closed","template":"","meta":{"_acf_changed":false,"footnotes":""},"class_list":["post-6986","page","type-page","status-publish","hentry"],"acf":[],"_links":{"self":[{"href":"https:\/\/new.costaricanaturaltours.com\/es\/wp-json\/wp\/v2\/pages\/6986","targetHints":{"allow":["GET"]}}],"collection":[{"href":"https:\/\/new.costaricanaturaltours.com\/es\/wp-json\/wp\/v2\/pages"}],"about":[{"href":"https:\/\/new.costaricanaturaltours.com\/es\/wp-json\/wp\/v2\/types\/page"}],"author":[{"embeddable":true,"href":"https:\/\/new.costaricanaturaltours.com\/es\/wp-json\/wp\/v2\/users\/3"}],"replies":[{"embeddable":true,"href":"https:\/\/new.costaricanaturaltours.com\/es\/wp-json\/wp\/v2\/comments?post=6986"}],"version-history":[{"count":18,"href":"https:\/\/new.costaricanaturaltours.com\/es\/wp-json\/wp\/v2\/pages\/6986\/revisions"}],"predecessor-version":[{"id":10439,"href":"https:\/\/new.costaricanaturaltours.com\/es\/wp-json\/wp\/v2\/pages\/6986\/revisions\/10439"}],"wp:attachment":[{"href":"https:\/\/new.costaricanaturaltours.com\/es\/wp-json\/wp\/v2\/media?parent=6986"}],"curies":[{"name":"wp","href":"https:\/\/api.w.org\/{rel}","templated":true}]}}